{"id":68587,"date":"2024-07-09T13:58:06","date_gmt":"2024-07-09T13:58:06","guid":{"rendered":"https:\/\/www.asociacioncge.com\/?page_id=68587"},"modified":"2025-08-08T04:02:02","modified_gmt":"2025-08-08T04:02:02","slug":"firma-electronica","status":"publish","type":"page","link":"https:\/\/www.asociacioncge.com\/?page_id=68587","title":{"rendered":"Firma Electr\u00f3nica"},"content":{"rendered":"\t\t<div data-elementor-type=\"wp-page\" data-elementor-id=\"68587\" class=\"elementor elementor-68587\">\n\t\t\t\t\t\t<section class=\"elementor-section elementor-top-section elementor-element elementor-element-6dbc1c1 elementor-section-boxed elementor-section-height-default elementor-section-height-default\" data-id=\"6dbc1c1\" data-element_type=\"section\" data-e-type=\"section\">\n\t\t\t\t\t\t<div class=\"elementor-container elementor-column-gap-default\">\n\t\t\t\t\t<div class=\"elementor-column elementor-col-50 elementor-top-column elementor-element elementor-element-2ff822f\" data-id=\"2ff822f\" data-element_type=\"column\" data-e-type=\"column\">\n\t\t\t<div class=\"elementor-widget-wrap elementor-element-populated\">\n\t\t\t\t\t\t<div class=\"elementor-element elementor-element-0c584ac elementor-widget elementor-widget-image\" data-id=\"0c584ac\" data-element_type=\"widget\" data-e-type=\"widget\" data-widget_type=\"image.default\">\n\t\t\t\t<div class=\"elementor-widget-container\">\n\t\t\t\t\t\t\t\t\t\t\t\t\t\t\t<img fetchpriority=\"high\" decoding=\"async\" width=\"1279\" height=\"283\" src=\"https:\/\/www.asociacioncge.com\/wp-content\/uploads\/2024\/07\/Small-Logo.png\" class=\"attachment-full size-full wp-image-68589\" alt=\"\" srcset=\"https:\/\/www.asociacioncge.com\/wp-content\/uploads\/2024\/07\/Small-Logo.png 1279w, https:\/\/www.asociacioncge.com\/wp-content\/uploads\/2024\/07\/Small-Logo-300x66.png 300w, https:\/\/www.asociacioncge.com\/wp-content\/uploads\/2024\/07\/Small-Logo-1024x227.png 1024w, https:\/\/www.asociacioncge.com\/wp-content\/uploads\/2024\/07\/Small-Logo-768x170.png 768w, https:\/\/www.asociacioncge.com\/wp-content\/uploads\/2024\/07\/Small-Logo-600x133.png 600w\" sizes=\"(max-width: 1279px) 100vw, 1279px\" \/>\t\t\t\t\t\t\t\t\t\t\t\t\t\t\t<\/div>\n\t\t\t\t<\/div>\n\t\t\t\t\t<\/div>\n\t\t<\/div>\n\t\t\t\t<div class=\"elementor-column elementor-col-50 elementor-top-column elementor-element elementor-element-4476f80\" data-id=\"4476f80\" data-element_type=\"column\" data-e-type=\"column\">\n\t\t\t<div class=\"elementor-widget-wrap elementor-element-populated\">\n\t\t\t\t\t\t<div class=\"elementor-element elementor-element-5c648cd elementor-widget elementor-widget-text-editor\" data-id=\"5c648cd\" data-element_type=\"widget\" data-e-type=\"widget\" data-widget_type=\"text-editor.default\">\n\t\t\t\t<div class=\"elementor-widget-container\">\n\t\t\t\t\t\t\t\t\t<p style=\"text-align: justify;\">ANF<strong> AC<\/strong>, es una Entidad de Certificaci\u00f3n de Informaci\u00f3n y Servicios Relacionados emisora de servicios de firma electr\u00f3nica acreditada y sellos de tiempo; en convenio con la Asociaci\u00f3n Nacional de Servidores P\u00fablicos de la Contralor\u00eda General del Estado te ofrece el <strong>registro de firma electr\u00f3nica a un precio exclusivo.<\/strong><\/p>\t\t\t\t\t\t\t\t<\/div>\n\t\t\t\t<\/div>\n\t\t\t\t\t<\/div>\n\t\t<\/div>\n\t\t\t\t\t<\/div>\n\t\t<\/section>\n\t\t\t\t<section class=\"elementor-section elementor-top-section elementor-element elementor-element-bde630e elementor-section-boxed elementor-section-height-default elementor-section-height-default\" data-id=\"bde630e\" data-element_type=\"section\" data-e-type=\"section\">\n\t\t\t\t\t\t<div class=\"elementor-container elementor-column-gap-default\">\n\t\t\t\t\t<div class=\"elementor-column elementor-col-100 elementor-top-column elementor-element elementor-element-0de2a5c\" data-id=\"0de2a5c\" data-element_type=\"column\" data-e-type=\"column\">\n\t\t\t<div class=\"elementor-widget-wrap elementor-element-populated\">\n\t\t\t\t\t\t<div class=\"elementor-element elementor-element-532ddc3 elementor-widget elementor-widget-heading\" data-id=\"532ddc3\" data-element_type=\"widget\" data-e-type=\"widget\" data-widget_type=\"heading.default\">\n\t\t\t\t<div class=\"elementor-widget-container\">\n\t\t\t\t\t<h2 class=\"elementor-heading-title elementor-size-default\">45%<br>DESCUENTO<\/h2>\t\t\t\t<\/div>\n\t\t\t\t<\/div>\n\t\t\t\t\t<\/div>\n\t\t<\/div>\n\t\t\t\t\t<\/div>\n\t\t<\/section>\n\t\t\t\t<section class=\"elementor-section elementor-top-section elementor-element elementor-element-5ab9c2c elementor-section-boxed elementor-section-height-default elementor-section-height-default\" data-id=\"5ab9c2c\" data-element_type=\"section\" data-e-type=\"section\">\n\t\t\t\t\t\t<div class=\"elementor-container elementor-column-gap-default\">\n\t\t\t\t\t<div class=\"elementor-column elementor-col-50 elementor-top-column elementor-element elementor-element-0cdc2ad\" data-id=\"0cdc2ad\" data-element_type=\"column\" data-e-type=\"column\">\n\t\t\t<div class=\"elementor-widget-wrap elementor-element-populated\">\n\t\t\t\t\t\t<div class=\"elementor-element elementor-element-8d62727 elementor-widget elementor-widget-heading\" data-id=\"8d62727\" data-element_type=\"widget\" data-e-type=\"widget\" data-widget_type=\"heading.default\">\n\t\t\t\t<div class=\"elementor-widget-container\">\n\t\t\t\t\t<h2 class=\"elementor-heading-title elementor-size-default\">Realiza tu solicitud en l\u00ednea:<\/h2>\t\t\t\t<\/div>\n\t\t\t\t<\/div>\n\t\t\t\t\t<\/div>\n\t\t<\/div>\n\t\t\t\t<div class=\"elementor-column elementor-col-50 elementor-top-column elementor-element elementor-element-302a656\" data-id=\"302a656\" data-element_type=\"column\" data-e-type=\"column\">\n\t\t\t<div class=\"elementor-widget-wrap elementor-element-populated\">\n\t\t\t\t\t\t<div class=\"elementor-element elementor-element-348c752 elementor-widget__width-initial elementor-widget elementor-widget-heading\" data-id=\"348c752\" data-element_type=\"widget\" data-e-type=\"widget\" data-widget_type=\"heading.default\">\n\t\t\t\t<div class=\"elementor-widget-container\">\n\t\t\t\t\t<h2 class=\"elementor-heading-title elementor-size-default\"><a href=\"https:\/\/firmaselectronicas.ec\/\" target=\"_blank\">https:\/\/firmaselectronicas.ec\/<\/a><\/h2>\t\t\t\t<\/div>\n\t\t\t\t<\/div>\n\t\t\t\t\t<\/div>\n\t\t<\/div>\n\t\t\t\t\t<\/div>\n\t\t<\/section>\n\t\t\t\t<section class=\"elementor-section elementor-top-section elementor-element elementor-element-9616403 elementor-section-boxed elementor-section-height-default elementor-section-height-default\" data-id=\"9616403\" data-element_type=\"section\" data-e-type=\"section\">\n\t\t\t\t\t\t<div class=\"elementor-container elementor-column-gap-default\">\n\t\t\t\t\t<div class=\"elementor-column elementor-col-100 elementor-top-column elementor-element elementor-element-febe464\" data-id=\"febe464\" data-element_type=\"column\" data-e-type=\"column\">\n\t\t\t<div class=\"elementor-widget-wrap elementor-element-populated\">\n\t\t\t\t\t\t<div class=\"elementor-element elementor-element-d2b2fd7 elementor-widget elementor-widget-image\" data-id=\"d2b2fd7\" data-element_type=\"widget\" data-e-type=\"widget\" data-widget_type=\"image.default\">\n\t\t\t\t<div class=\"elementor-widget-container\">\n\t\t\t\t\t\t\t\t\t\t\t\t\t\t\t\t<a href=\"https:\/\/www.asociacioncge.com\/wp-content\/uploads\/2025\/08\/FIRMA-ELECTRONICA-2025-NUEVO-LOGO-2.png\" data-elementor-open-lightbox=\"yes\" data-elementor-lightbox-title=\"FIRMA ELECTR\u00d3NICA 2025 NUEVO LOGO\" data-e-action-hash=\"#elementor-action%3Aaction%3Dlightbox%26settings%3DeyJpZCI6NzAyNTcsInVybCI6Imh0dHBzOlwvXC93d3cuYXNvY2lhY2lvbmNnZS5jb21cL3dwLWNvbnRlbnRcL3VwbG9hZHNcLzIwMjVcLzA4XC9GSVJNQS1FTEVDVFJPTklDQS0yMDI1LU5VRVZPLUxPR08tMi5wbmcifQ%3D%3D\">\n\t\t\t\t\t\t\t<img decoding=\"async\" width=\"768\" height=\"1039\" src=\"https:\/\/www.asociacioncge.com\/wp-content\/uploads\/2025\/08\/FIRMA-ELECTRONICA-2025-NUEVO-LOGO-2.png\" class=\"attachment-medium_large size-medium_large wp-image-70257\" alt=\"\" srcset=\"https:\/\/www.asociacioncge.com\/wp-content\/uploads\/2025\/08\/FIRMA-ELECTRONICA-2025-NUEVO-LOGO-2.png 1509w, https:\/\/www.asociacioncge.com\/wp-content\/uploads\/2025\/08\/FIRMA-ELECTRONICA-2025-NUEVO-LOGO-2-222x300.png 222w\" sizes=\"(max-width: 768px) 100vw, 768px\" \/>\t\t\t\t\t\t\t\t<\/a>\n\t\t\t\t\t\t\t\t\t\t\t\t\t\t\t<\/div>\n\t\t\t\t<\/div>\n\t\t\t\t\t<\/div>\n\t\t<\/div>\n\t\t\t\t\t<\/div>\n\t\t<\/section>\n\t\t\t\t<section class=\"elementor-section elementor-top-section elementor-element elementor-element-6c6a258 elementor-section-boxed elementor-section-height-default elementor-section-height-default\" data-id=\"6c6a258\" data-element_type=\"section\" data-e-type=\"section\">\n\t\t\t\t\t\t<div class=\"elementor-container elementor-column-gap-default\">\n\t\t\t\t\t<div class=\"elementor-column elementor-col-50 elementor-top-column elementor-element elementor-element-406c0f0\" data-id=\"406c0f0\" data-element_type=\"column\" data-e-type=\"column\">\n\t\t\t<div class=\"elementor-widget-wrap elementor-element-populated\">\n\t\t\t\t\t\t<div class=\"elementor-element elementor-element-a20039c elementor-widget elementor-widget-image\" data-id=\"a20039c\" data-element_type=\"widget\" data-e-type=\"widget\" data-widget_type=\"image.default\">\n\t\t\t\t<div class=\"elementor-widget-container\">\n\t\t\t\t\t\t\t\t\t\t\t\t\t\t\t<img decoding=\"async\" width=\"150\" height=\"150\" src=\"https:\/\/www.asociacioncge.com\/wp-content\/uploads\/2024\/06\/744947e5e2b6b9dd743d284aca6f6e27-150x150.jpg\" class=\"attachment-thumbnail size-thumbnail wp-image-68310\" alt=\"\" srcset=\"https:\/\/www.asociacioncge.com\/wp-content\/uploads\/2024\/06\/744947e5e2b6b9dd743d284aca6f6e27-150x150.jpg 150w, https:\/\/www.asociacioncge.com\/wp-content\/uploads\/2024\/06\/744947e5e2b6b9dd743d284aca6f6e27-300x300.jpg 300w, https:\/\/www.asociacioncge.com\/wp-content\/uploads\/2024\/06\/744947e5e2b6b9dd743d284aca6f6e27-600x600.jpg 600w, https:\/\/www.asociacioncge.com\/wp-content\/uploads\/2024\/06\/744947e5e2b6b9dd743d284aca6f6e27-100x100.jpg 100w, https:\/\/www.asociacioncge.com\/wp-content\/uploads\/2024\/06\/744947e5e2b6b9dd743d284aca6f6e27.jpg 640w\" sizes=\"(max-width: 150px) 100vw, 150px\" \/>\t\t\t\t\t\t\t\t\t\t\t\t\t\t\t<\/div>\n\t\t\t\t<\/div>\n\t\t\t\t\t<\/div>\n\t\t<\/div>\n\t\t\t\t<div class=\"elementor-column elementor-col-50 elementor-top-column elementor-element elementor-element-046be25\" data-id=\"046be25\" data-element_type=\"column\" data-e-type=\"column\">\n\t\t\t<div class=\"elementor-widget-wrap elementor-element-populated\">\n\t\t\t\t\t\t<div class=\"elementor-element elementor-element-9d928de elementor-widget elementor-widget-heading\" data-id=\"9d928de\" data-element_type=\"widget\" data-e-type=\"widget\" data-widget_type=\"heading.default\">\n\t\t\t\t<div class=\"elementor-widget-container\">\n\t\t\t\t\t<h2 class=\"elementor-heading-title elementor-size-default\">09 84606524<\/h2>\t\t\t\t<\/div>\n\t\t\t\t<\/div>\n\t\t\t\t\t<\/div>\n\t\t<\/div>\n\t\t\t\t\t<\/div>\n\t\t<\/section>\n\t\t\t\t<\/div>\n\t\t","protected":false},"excerpt":{"rendered":"<p>ANF AC, es una Entidad de Certificaci\u00f3n de Informaci\u00f3n y Servicios Relacionados emisora de servicios de firma electr\u00f3nica acreditada y sellos de tiempo; en convenio con la Asociaci\u00f3n Nacional de Servidores P\u00fablicos de la Contralor\u00eda General del Estado te ofrece el registro de firma electr\u00f3nica a un precio exclusivo. 45%DESCUENTO Realiza tu solicitud en l\u00ednea: [&hellip;]<\/p>\n","protected":false},"author":1,"featured_media":0,"parent":0,"menu_order":0,"comment_status":"closed","ping_status":"closed","template":"","meta":{"_monsterinsights_skip_tracking":false,"_monsterinsights_sitenote_active":false,"_monsterinsights_sitenote_note":"","_monsterinsights_sitenote_category":0,"ngg_post_thumbnail":0,"footnotes":""},"tags":[],"class_list":["post-68587","page","type-page","status-publish","hentry"],"aioseo_notices":[],"_links":{"self":[{"href":"https:\/\/www.asociacioncge.com\/index.php?rest_route=\/wp\/v2\/pages\/68587","targetHints":{"allow":["GET"]}}],"collection":[{"href":"https:\/\/www.asociacioncge.com\/index.php?rest_route=\/wp\/v2\/pages"}],"about":[{"href":"https:\/\/www.asociacioncge.com\/index.php?rest_route=\/wp\/v2\/types\/page"}],"author":[{"embeddable":true,"href":"https:\/\/www.asociacioncge.com\/index.php?rest_route=\/wp\/v2\/users\/1"}],"replies":[{"embeddable":true,"href":"https:\/\/www.asociacioncge.com\/index.php?rest_route=%2Fwp%2Fv2%2Fcomments&post=68587"}],"version-history":[{"count":79,"href":"https:\/\/www.asociacioncge.com\/index.php?rest_route=\/wp\/v2\/pages\/68587\/revisions"}],"predecessor-version":[{"id":70264,"href":"https:\/\/www.asociacioncge.com\/index.php?rest_route=\/wp\/v2\/pages\/68587\/revisions\/70264"}],"wp:attachment":[{"href":"https:\/\/www.asociacioncge.com\/index.php?rest_route=%2Fwp%2Fv2%2Fmedia&parent=68587"}],"wp:term":[{"taxonomy":"post_tag","embeddable":true,"href":"https:\/\/www.asociacioncge.com\/index.php?rest_route=%2Fwp%2Fv2%2Ftags&post=68587"}],"curies":[{"name":"wp","href":"https:\/\/api.w.org\/{rel}","templated":true}]}}