{"id":63323,"date":"2023-04-12T13:56:52","date_gmt":"2023-04-12T13:56:52","guid":{"rendered":"https:\/\/www.asociacioncge.com\/?page_id=63323"},"modified":"2025-09-04T03:57:18","modified_gmt":"2025-09-04T03:57:18","slug":"la-quimica-lavanderia","status":"publish","type":"page","link":"https:\/\/www.asociacioncge.com\/?page_id=63323","title":{"rendered":"LA QU\u00cdMICA"},"content":{"rendered":"\t\t<div data-elementor-type=\"wp-page\" data-elementor-id=\"63323\" class=\"elementor elementor-63323\">\n\t\t\t\t\t\t<section class=\"elementor-section elementor-top-section elementor-element elementor-element-734c658 elementor-section-boxed elementor-section-height-default elementor-section-height-default\" data-id=\"734c658\" data-element_type=\"section\" data-e-type=\"section\">\n\t\t\t\t\t\t<div class=\"elementor-container elementor-column-gap-default\">\n\t\t\t\t\t<div class=\"elementor-column elementor-col-100 elementor-top-column elementor-element elementor-element-084388c\" data-id=\"084388c\" data-element_type=\"column\" data-e-type=\"column\">\n\t\t\t<div class=\"elementor-widget-wrap elementor-element-populated\">\n\t\t\t\t\t\t<div class=\"elementor-element elementor-element-52ecbb6 elementor-widget elementor-widget-image\" data-id=\"52ecbb6\" data-element_type=\"widget\" data-e-type=\"widget\" data-widget_type=\"image.default\">\n\t\t\t\t<div class=\"elementor-widget-container\">\n\t\t\t\t\t\t\t\t\t\t\t\t\t\t\t<img fetchpriority=\"high\" decoding=\"async\" width=\"225\" height=\"225\" src=\"https:\/\/www.asociacioncge.com\/wp-content\/uploads\/2023\/04\/lA-QUIMICA-LOGO.png\" class=\"attachment-medium size-medium wp-image-63326\" alt=\"\" srcset=\"https:\/\/www.asociacioncge.com\/wp-content\/uploads\/2023\/04\/lA-QUIMICA-LOGO.png 225w, https:\/\/www.asociacioncge.com\/wp-content\/uploads\/2023\/04\/lA-QUIMICA-LOGO-150x150.png 150w, https:\/\/www.asociacioncge.com\/wp-content\/uploads\/2023\/04\/lA-QUIMICA-LOGO-100x100.png 100w\" sizes=\"(max-width: 225px) 100vw, 225px\" \/>\t\t\t\t\t\t\t\t\t\t\t\t\t\t\t<\/div>\n\t\t\t\t<\/div>\n\t\t\t\t\t<\/div>\n\t\t<\/div>\n\t\t\t\t\t<\/div>\n\t\t<\/section>\n\t\t\t\t<section class=\"elementor-section elementor-top-section elementor-element elementor-element-d1ae824 elementor-section-boxed elementor-section-height-default elementor-section-height-default\" data-id=\"d1ae824\" data-element_type=\"section\" data-e-type=\"section\">\n\t\t\t\t\t\t<div class=\"elementor-container elementor-column-gap-default\">\n\t\t\t\t\t<div class=\"elementor-column elementor-col-100 elementor-top-column elementor-element elementor-element-188f231\" data-id=\"188f231\" data-element_type=\"column\" data-e-type=\"column\">\n\t\t\t<div class=\"elementor-widget-wrap elementor-element-populated\">\n\t\t\t\t\t\t<div class=\"elementor-element elementor-element-f170ac9 animated-slow elementor-invisible elementor-widget elementor-widget-heading\" data-id=\"f170ac9\" data-element_type=\"widget\" data-e-type=\"widget\" data-settings=\"{&quot;_animation&quot;:&quot;zoomIn&quot;}\" data-widget_type=\"heading.default\">\n\t\t\t\t<div class=\"elementor-widget-container\">\n\t\t\t\t\t<h2 class=\"elementor-heading-title elementor-size-default\">Si dejas tus prendas hasta las 13:00 las podr\u00e1s retirar al d\u00eda siguiente.<\/h2>\t\t\t\t<\/div>\n\t\t\t\t<\/div>\n\t\t\t\t\t<\/div>\n\t\t<\/div>\n\t\t\t\t\t<\/div>\n\t\t<\/section>\n\t\t\t\t<section class=\"elementor-section elementor-top-section elementor-element elementor-element-4b31aa6 elementor-section-boxed elementor-section-height-default elementor-section-height-default\" data-id=\"4b31aa6\" data-element_type=\"section\" data-e-type=\"section\">\n\t\t\t\t\t\t<div class=\"elementor-container elementor-column-gap-default\">\n\t\t\t\t\t<div class=\"elementor-column elementor-col-50 elementor-top-column elementor-element elementor-element-f7fc06b\" data-id=\"f7fc06b\" data-element_type=\"column\" data-e-type=\"column\">\n\t\t\t<div class=\"elementor-widget-wrap elementor-element-populated\">\n\t\t\t\t\t\t<div class=\"elementor-element elementor-element-d9b1ec6 elementor-widget elementor-widget-image\" data-id=\"d9b1ec6\" data-element_type=\"widget\" data-e-type=\"widget\" data-widget_type=\"image.default\">\n\t\t\t\t<div class=\"elementor-widget-container\">\n\t\t\t\t\t\t\t\t\t\t\t\t\t\t\t<img decoding=\"async\" width=\"540\" height=\"960\" src=\"https:\/\/www.asociacioncge.com\/wp-content\/uploads\/2025\/09\/Comunicado-La-Quimica-agosto-actualizacion-logo.png\" class=\"attachment-medium_large size-medium_large wp-image-70475\" alt=\"\" srcset=\"https:\/\/www.asociacioncge.com\/wp-content\/uploads\/2025\/09\/Comunicado-La-Quimica-agosto-actualizacion-logo.png 540w, https:\/\/www.asociacioncge.com\/wp-content\/uploads\/2025\/09\/Comunicado-La-Quimica-agosto-actualizacion-logo-169x300.png 169w\" sizes=\"(max-width: 540px) 100vw, 540px\" \/>\t\t\t\t\t\t\t\t\t\t\t\t\t\t\t<\/div>\n\t\t\t\t<\/div>\n\t\t\t\t\t<\/div>\n\t\t<\/div>\n\t\t\t\t<div class=\"elementor-column elementor-col-50 elementor-top-column elementor-element elementor-element-8c9d462\" data-id=\"8c9d462\" data-element_type=\"column\" data-e-type=\"column\">\n\t\t\t<div class=\"elementor-widget-wrap elementor-element-populated\">\n\t\t\t\t\t\t<div class=\"elementor-element elementor-element-f5deaf6 elementor-widget elementor-widget-image\" data-id=\"f5deaf6\" data-element_type=\"widget\" data-e-type=\"widget\" data-widget_type=\"image.default\">\n\t\t\t\t<div class=\"elementor-widget-container\">\n\t\t\t\t\t\t\t\t\t\t\t\t\t\t\t<img decoding=\"async\" width=\"870\" height=\"746\" src=\"https:\/\/www.asociacioncge.com\/wp-content\/uploads\/2023\/04\/promocional-quimica-1-1024x878.jpeg\" class=\"attachment-large size-large wp-image-63927\" alt=\"\" srcset=\"https:\/\/www.asociacioncge.com\/wp-content\/uploads\/2023\/04\/promocional-quimica-1-1024x878.jpeg 1024w, https:\/\/www.asociacioncge.com\/wp-content\/uploads\/2023\/04\/promocional-quimica-1-300x257.jpeg 300w, https:\/\/www.asociacioncge.com\/wp-content\/uploads\/2023\/04\/promocional-quimica-1-768x659.jpeg 768w, https:\/\/www.asociacioncge.com\/wp-content\/uploads\/2023\/04\/promocional-quimica-1-1536x1317.jpeg 1536w, https:\/\/www.asociacioncge.com\/wp-content\/uploads\/2023\/04\/promocional-quimica-1-600x515.jpeg 600w, https:\/\/www.asociacioncge.com\/wp-content\/uploads\/2023\/04\/promocional-quimica-1.jpeg 1600w\" sizes=\"(max-width: 870px) 100vw, 870px\" \/>\t\t\t\t\t\t\t\t\t\t\t\t\t\t\t<\/div>\n\t\t\t\t<\/div>\n\t\t\t\t<div class=\"elementor-element elementor-element-cd4063c elementor-widget elementor-widget-image\" data-id=\"cd4063c\" data-element_type=\"widget\" data-e-type=\"widget\" data-widget_type=\"image.default\">\n\t\t\t\t<div class=\"elementor-widget-container\">\n\t\t\t\t\t\t\t\t\t\t\t\t\t\t\t<img loading=\"lazy\" decoding=\"async\" width=\"870\" height=\"801\" src=\"https:\/\/www.asociacioncge.com\/wp-content\/uploads\/2023\/04\/promocional-quimica-2-1024x943.jpeg\" class=\"attachment-large size-large wp-image-63937\" alt=\"\" srcset=\"https:\/\/www.asociacioncge.com\/wp-content\/uploads\/2023\/04\/promocional-quimica-2-1024x943.jpeg 1024w, https:\/\/www.asociacioncge.com\/wp-content\/uploads\/2023\/04\/promocional-quimica-2-300x276.jpeg 300w, https:\/\/www.asociacioncge.com\/wp-content\/uploads\/2023\/04\/promocional-quimica-2-768x708.jpeg 768w, https:\/\/www.asociacioncge.com\/wp-content\/uploads\/2023\/04\/promocional-quimica-2-600x553.jpeg 600w, https:\/\/www.asociacioncge.com\/wp-content\/uploads\/2023\/04\/promocional-quimica-2.jpeg 1068w\" sizes=\"(max-width: 870px) 100vw, 870px\" \/>\t\t\t\t\t\t\t\t\t\t\t\t\t\t\t<\/div>\n\t\t\t\t<\/div>\n\t\t\t\t\t<\/div>\n\t\t<\/div>\n\t\t\t\t\t<\/div>\n\t\t<\/section>\n\t\t\t\t<section class=\"elementor-section elementor-top-section elementor-element elementor-element-bd32132 elementor-section-boxed elementor-section-height-default elementor-section-height-default\" data-id=\"bd32132\" data-element_type=\"section\" data-e-type=\"section\">\n\t\t\t\t\t\t<div class=\"elementor-container elementor-column-gap-default\">\n\t\t\t\t\t<div class=\"elementor-column elementor-col-50 elementor-top-column elementor-element elementor-element-07c5180\" data-id=\"07c5180\" data-element_type=\"column\" data-e-type=\"column\">\n\t\t\t<div class=\"elementor-widget-wrap elementor-element-populated\">\n\t\t\t\t\t\t<div class=\"elementor-element elementor-element-9e23f9a elementor-widget elementor-widget-text-editor\" data-id=\"9e23f9a\" data-element_type=\"widget\" data-e-type=\"widget\" data-widget_type=\"text-editor.default\">\n\t\t\t\t<div class=\"elementor-widget-container\">\n\t\t\t\t\t\t\t\t\t<p style=\"text-align: justify;\"><span style=\"color: #000000;\"><strong>Beneficio exclusivo para socios \u00fanicamente en el punto de atenci\u00f3n ubicado dentro del edificio matriz.<\/strong><\/span><\/p>\t\t\t\t\t\t\t\t<\/div>\n\t\t\t\t<\/div>\n\t\t\t\t\t<\/div>\n\t\t<\/div>\n\t\t\t\t<div class=\"elementor-column elementor-col-50 elementor-top-column elementor-element elementor-element-985f9d7\" data-id=\"985f9d7\" data-element_type=\"column\" data-e-type=\"column\">\n\t\t\t<div class=\"elementor-widget-wrap elementor-element-populated\">\n\t\t\t\t\t\t<div class=\"elementor-element elementor-element-101ca45 elementor-widget elementor-widget-text-editor\" data-id=\"101ca45\" data-element_type=\"widget\" data-e-type=\"widget\" data-widget_type=\"text-editor.default\">\n\t\t\t\t<div class=\"elementor-widget-container\">\n\t\t\t\t\t\t\t\t\t<p style=\"text-align: left;\"><span style=\"color: #246e8d;\"><strong>Horarios de atenci\u00f3n:\u00a0<\/strong><\/span><strong>Lunes a viernes\u00a0<\/strong><strong>8:00 a 16:30<\/strong><\/p>\t\t\t\t\t\t\t\t<\/div>\n\t\t\t\t<\/div>\n\t\t\t\t\t<\/div>\n\t\t<\/div>\n\t\t\t\t\t<\/div>\n\t\t<\/section>\n\t\t\t\t<section class=\"elementor-section elementor-top-section elementor-element elementor-element-4aa2d2f elementor-section-boxed elementor-section-height-default elementor-section-height-default\" data-id=\"4aa2d2f\" data-element_type=\"section\" data-e-type=\"section\">\n\t\t\t\t\t\t<div class=\"elementor-container elementor-column-gap-default\">\n\t\t\t\t\t<div class=\"elementor-column elementor-col-100 elementor-top-column elementor-element elementor-element-5761c93\" data-id=\"5761c93\" data-element_type=\"column\" data-e-type=\"column\">\n\t\t\t<div class=\"elementor-widget-wrap elementor-element-populated\">\n\t\t\t\t\t\t<div class=\"elementor-element elementor-element-da8b224 elementor-widget elementor-widget-heading\" data-id=\"da8b224\" data-element_type=\"widget\" data-e-type=\"widget\" data-widget_type=\"heading.default\">\n\t\t\t\t<div class=\"elementor-widget-container\">\n\t\t\t\t\t<h2 class=\"elementor-heading-title elementor-size-default\">LAVADO EN AGUA AL PESO<br>TARIFA ESPECIAL DE $0.52 POR LIBRA<\/h2>\t\t\t\t<\/div>\n\t\t\t\t<\/div>\n\t\t\t\t\t<\/div>\n\t\t<\/div>\n\t\t\t\t\t<\/div>\n\t\t<\/section>\n\t\t\t\t<section class=\"elementor-section elementor-top-section elementor-element elementor-element-69ad3fd elementor-section-boxed elementor-section-height-default elementor-section-height-default\" data-id=\"69ad3fd\" data-element_type=\"section\" data-e-type=\"section\">\n\t\t\t\t\t\t<div class=\"elementor-container elementor-column-gap-default\">\n\t\t\t\t\t<div class=\"elementor-column elementor-col-50 elementor-top-column elementor-element elementor-element-cf5408f\" data-id=\"cf5408f\" data-element_type=\"column\" data-e-type=\"column\">\n\t\t\t<div class=\"elementor-widget-wrap elementor-element-populated\">\n\t\t\t\t\t\t<div class=\"elementor-element elementor-element-17a356d elementor-widget elementor-widget-heading\" data-id=\"17a356d\" data-element_type=\"widget\" data-e-type=\"widget\" data-widget_type=\"heading.default\">\n\t\t\t\t<div class=\"elementor-widget-container\">\n\t\t\t\t\t<h2 class=\"elementor-heading-title elementor-size-default\">Contacto directo: 0993413886<\/h2>\t\t\t\t<\/div>\n\t\t\t\t<\/div>\n\t\t\t\t\t<\/div>\n\t\t<\/div>\n\t\t\t\t<div class=\"elementor-column elementor-col-50 elementor-top-column elementor-element elementor-element-5ced15e\" data-id=\"5ced15e\" data-element_type=\"column\" data-e-type=\"column\">\n\t\t\t<div class=\"elementor-widget-wrap elementor-element-populated\">\n\t\t\t\t\t\t<div class=\"elementor-element elementor-element-db0c1c2 elementor-widget elementor-widget-text-editor\" data-id=\"db0c1c2\" data-element_type=\"widget\" data-e-type=\"widget\" data-widget_type=\"text-editor.default\">\n\t\t\t\t<div class=\"elementor-widget-container\">\n\t\t\t\t\t\t\t\t\t<p style=\"text-align: justify;\"><strong>Para informaci\u00f3n de otras prendas, precios y servicios disponibles descarga el archivo a continuaci\u00f3n.<\/strong><\/p>\t\t\t\t\t\t\t\t<\/div>\n\t\t\t\t<\/div>\n\t\t\t\t<div class=\"elementor-element elementor-element-f1266a2 elementor-align-center elementor-widget elementor-widget-button\" data-id=\"f1266a2\" data-element_type=\"widget\" data-e-type=\"widget\" data-widget_type=\"button.default\">\n\t\t\t\t<div class=\"elementor-widget-container\">\n\t\t\t\t\t\t\t\t\t<div class=\"elementor-button-wrapper\">\n\t\t\t\t\t<a class=\"elementor-button elementor-button-link elementor-size-sm\" href=\"https:\/\/www.asociacioncge.com\/wp-content\/uploads\/2023\/04\/ANEXO-PRECIOS-LA-QUIMICA.pdf\" target=\"_blank\">\n\t\t\t\t\t\t<span class=\"elementor-button-content-wrapper\">\n\t\t\t\t\t\t<span class=\"elementor-button-icon\">\n\t\t\t\t<i aria-hidden=\"true\" class=\"far fa-arrow-alt-circle-down\"><\/i>\t\t\t<\/span>\n\t\t\t\t\t\t\t\t\t<span class=\"elementor-button-text\">ARCHIVO DE SERVICIOS Y PRECIOS<\/span>\n\t\t\t\t\t<\/span>\n\t\t\t\t\t<\/a>\n\t\t\t\t<\/div>\n\t\t\t\t\t\t\t\t<\/div>\n\t\t\t\t<\/div>\n\t\t\t\t<div class=\"elementor-element elementor-element-58652cc elementor-widget elementor-widget-text-editor\" data-id=\"58652cc\" data-element_type=\"widget\" data-e-type=\"widget\" data-widget_type=\"text-editor.default\">\n\t\t\t\t<div class=\"elementor-widget-container\">\n\t\t\t\t\t\t\t\t\t<p style=\"text-align: left;\"><em><strong>Los valores que se muestran en el archivo corresponden a los precios normales, a los cuales se aplicar\u00e1 el descuento del 20%.<\/strong><strong>\u00a0<\/strong><\/em><\/p>\t\t\t\t\t\t\t\t<\/div>\n\t\t\t\t<\/div>\n\t\t\t\t\t<\/div>\n\t\t<\/div>\n\t\t\t\t\t<\/div>\n\t\t<\/section>\n\t\t\t\t<\/div>\n\t\t","protected":false},"excerpt":{"rendered":"<p>Si dejas tus prendas hasta las 13:00 las podr\u00e1s retirar al d\u00eda siguiente. Beneficio exclusivo para socios \u00fanicamente en el punto de atenci\u00f3n ubicado dentro del edificio matriz. Horarios de atenci\u00f3n:\u00a0Lunes a viernes\u00a08:00 a 16:30 LAVADO EN AGUA AL PESOTARIFA ESPECIAL DE $0.52 POR LIBRA Contacto directo: 0993413886 Para informaci\u00f3n de otras prendas, precios y [&hellip;]<\/p>\n","protected":false},"author":1,"featured_media":0,"parent":0,"menu_order":0,"comment_status":"closed","ping_status":"closed","template":"","meta":{"_monsterinsights_skip_tracking":false,"_monsterinsights_sitenote_active":false,"_monsterinsights_sitenote_note":"","_monsterinsights_sitenote_category":0,"ngg_post_thumbnail":0,"footnotes":""},"tags":[],"class_list":["post-63323","page","type-page","status-publish","hentry"],"aioseo_notices":[],"_links":{"self":[{"href":"https:\/\/www.asociacioncge.com\/index.php?rest_route=\/wp\/v2\/pages\/63323","targetHints":{"allow":["GET"]}}],"collection":[{"href":"https:\/\/www.asociacioncge.com\/index.php?rest_route=\/wp\/v2\/pages"}],"about":[{"href":"https:\/\/www.asociacioncge.com\/index.php?rest_route=\/wp\/v2\/types\/page"}],"author":[{"embeddable":true,"href":"https:\/\/www.asociacioncge.com\/index.php?rest_route=\/wp\/v2\/users\/1"}],"replies":[{"embeddable":true,"href":"https:\/\/www.asociacioncge.com\/index.php?rest_route=%2Fwp%2Fv2%2Fcomments&post=63323"}],"version-history":[{"count":169,"href":"https:\/\/www.asociacioncge.com\/index.php?rest_route=\/wp\/v2\/pages\/63323\/revisions"}],"predecessor-version":[{"id":70478,"href":"https:\/\/www.asociacioncge.com\/index.php?rest_route=\/wp\/v2\/pages\/63323\/revisions\/70478"}],"wp:attachment":[{"href":"https:\/\/www.asociacioncge.com\/index.php?rest_route=%2Fwp%2Fv2%2Fmedia&parent=63323"}],"wp:term":[{"taxonomy":"post_tag","embeddable":true,"href":"https:\/\/www.asociacioncge.com\/index.php?rest_route=%2Fwp%2Fv2%2Ftags&post=63323"}],"curies":[{"name":"wp","href":"https:\/\/api.w.org\/{rel}","templated":true}]}}