{"id":61672,"date":"2023-01-11T15:50:47","date_gmt":"2023-01-11T15:50:47","guid":{"rendered":"https:\/\/www.asociacioncge.com\/?page_id=61672"},"modified":"2026-02-02T17:54:44","modified_gmt":"2026-02-02T17:54:44","slug":"grupo-difare","status":"publish","type":"page","link":"https:\/\/www.asociacioncge.com\/?page_id=61672","title":{"rendered":"FARMACIAS CRUZ AZUL Y PHARMACYS"},"content":{"rendered":"\t\t<div data-elementor-type=\"wp-page\" data-elementor-id=\"61672\" class=\"elementor elementor-61672\">\n\t\t\t\t\t\t<section class=\"elementor-section elementor-top-section elementor-element elementor-element-aa344a8 elementor-section-boxed elementor-section-height-default elementor-section-height-default\" data-id=\"aa344a8\" data-element_type=\"section\" data-e-type=\"section\">\n\t\t\t\t\t\t<div class=\"elementor-container elementor-column-gap-default\">\n\t\t\t\t\t<div class=\"elementor-column elementor-col-100 elementor-top-column elementor-element elementor-element-f66178d\" data-id=\"f66178d\" data-element_type=\"column\" data-e-type=\"column\">\n\t\t\t<div class=\"elementor-widget-wrap elementor-element-populated\">\n\t\t\t\t\t\t<div class=\"elementor-element elementor-element-0f367b1 elementor-widget elementor-widget-image\" data-id=\"0f367b1\" data-element_type=\"widget\" data-e-type=\"widget\" data-widget_type=\"image.default\">\n\t\t\t\t<div class=\"elementor-widget-container\">\n\t\t\t\t\t\t\t\t\t\t\t\t\t\t\t<img fetchpriority=\"high\" decoding=\"async\" width=\"870\" height=\"157\" src=\"https:\/\/www.asociacioncge.com\/wp-content\/uploads\/2026\/02\/DIFARE-LOGOS-FARMACIAS-1024x185.png\" class=\"attachment-large size-large wp-image-71120\" alt=\"\" srcset=\"https:\/\/www.asociacioncge.com\/wp-content\/uploads\/2026\/02\/DIFARE-LOGOS-FARMACIAS-1024x185.png 1024w, https:\/\/www.asociacioncge.com\/wp-content\/uploads\/2026\/02\/DIFARE-LOGOS-FARMACIAS-300x54.png 300w, https:\/\/www.asociacioncge.com\/wp-content\/uploads\/2026\/02\/DIFARE-LOGOS-FARMACIAS-768x139.png 768w, https:\/\/www.asociacioncge.com\/wp-content\/uploads\/2026\/02\/DIFARE-LOGOS-FARMACIAS-600x108.png 600w, https:\/\/www.asociacioncge.com\/wp-content\/uploads\/2026\/02\/DIFARE-LOGOS-FARMACIAS.png 1196w\" sizes=\"(max-width: 870px) 100vw, 870px\" \/>\t\t\t\t\t\t\t\t\t\t\t\t\t\t\t<\/div>\n\t\t\t\t<\/div>\n\t\t\t\t\t<\/div>\n\t\t<\/div>\n\t\t\t\t\t<\/div>\n\t\t<\/section>\n\t\t\t\t<section class=\"elementor-section elementor-top-section elementor-element elementor-element-2bbfac9 elementor-section-boxed elementor-section-height-default elementor-section-height-default\" data-id=\"2bbfac9\" data-element_type=\"section\" data-e-type=\"section\">\n\t\t\t\t\t\t<div class=\"elementor-container elementor-column-gap-default\">\n\t\t\t\t\t<div class=\"elementor-column elementor-col-100 elementor-top-column elementor-element elementor-element-fe6db34\" data-id=\"fe6db34\" data-element_type=\"column\" data-e-type=\"column\">\n\t\t\t<div class=\"elementor-widget-wrap elementor-element-populated\">\n\t\t\t\t\t\t<div class=\"elementor-element elementor-element-47be535 elementor-widget elementor-widget-text-editor\" data-id=\"47be535\" data-element_type=\"widget\" data-e-type=\"widget\" data-widget_type=\"text-editor.default\">\n\t\t\t\t<div class=\"elementor-widget-container\">\n\t\t\t\t\t\t\t\t\t<p style=\"text-align: justify;\"><strong>CR\u00c9DITO EMPRESARIAL<\/strong> solamente presentando la c\u00e9dula en cualquiera de sus sucursales a nivel nacional.<\/p>\t\t\t\t\t\t\t\t<\/div>\n\t\t\t\t<\/div>\n\t\t\t\t\t<\/div>\n\t\t<\/div>\n\t\t\t\t\t<\/div>\n\t\t<\/section>\n\t\t\t\t<section class=\"elementor-section elementor-top-section elementor-element elementor-element-42c44d1 elementor-section-boxed elementor-section-height-default elementor-section-height-default\" data-id=\"42c44d1\" data-element_type=\"section\" data-e-type=\"section\">\n\t\t\t\t\t\t<div class=\"elementor-container elementor-column-gap-default\">\n\t\t\t\t\t<div class=\"elementor-column elementor-col-50 elementor-top-column elementor-element elementor-element-449bda8\" data-id=\"449bda8\" data-element_type=\"column\" data-e-type=\"column\">\n\t\t\t<div class=\"elementor-widget-wrap elementor-element-populated\">\n\t\t\t\t\t\t<div class=\"elementor-element elementor-element-b5bcd87 elementor-widget elementor-widget-heading\" data-id=\"b5bcd87\" data-element_type=\"widget\" data-e-type=\"widget\" data-widget_type=\"heading.default\">\n\t\t\t\t<div class=\"elementor-widget-container\">\n\t\t\t\t\t<h2 class=\"elementor-heading-title elementor-size-default\">Cupo mensual: $100<\/h2>\t\t\t\t<\/div>\n\t\t\t\t<\/div>\n\t\t\t\t\t<\/div>\n\t\t<\/div>\n\t\t\t\t<div class=\"elementor-column elementor-col-50 elementor-top-column elementor-element elementor-element-8a91818\" data-id=\"8a91818\" data-element_type=\"column\" data-e-type=\"column\">\n\t\t\t<div class=\"elementor-widget-wrap elementor-element-populated\">\n\t\t\t\t\t\t<div class=\"elementor-element elementor-element-6953aa5 elementor-widget elementor-widget-heading\" data-id=\"6953aa5\" data-element_type=\"widget\" data-e-type=\"widget\" data-widget_type=\"heading.default\">\n\t\t\t\t<div class=\"elementor-widget-container\">\n\t\t\t\t\t<h2 class=\"elementor-heading-title elementor-size-default\">Cr\u00e9dito a 3 meses en compras superiores a $ 20<\/h2>\t\t\t\t<\/div>\n\t\t\t\t<\/div>\n\t\t\t\t\t<\/div>\n\t\t<\/div>\n\t\t\t\t\t<\/div>\n\t\t<\/section>\n\t\t\t\t<section class=\"elementor-section elementor-top-section elementor-element elementor-element-3cb403d elementor-section-boxed elementor-section-height-default elementor-section-height-default\" data-id=\"3cb403d\" data-element_type=\"section\" data-e-type=\"section\">\n\t\t\t\t\t\t<div class=\"elementor-container elementor-column-gap-default\">\n\t\t\t\t\t<div class=\"elementor-column elementor-col-100 elementor-top-column elementor-element elementor-element-19868ed\" data-id=\"19868ed\" data-element_type=\"column\" data-e-type=\"column\">\n\t\t\t<div class=\"elementor-widget-wrap elementor-element-populated\">\n\t\t\t\t\t\t<div class=\"elementor-element elementor-element-08c82c4 elementor-widget elementor-widget-image\" data-id=\"08c82c4\" data-element_type=\"widget\" data-e-type=\"widget\" data-widget_type=\"image.default\">\n\t\t\t\t<div class=\"elementor-widget-container\">\n\t\t\t\t\t\t\t\t\t\t\t\t\t\t\t<img decoding=\"async\" width=\"870\" height=\"489\" src=\"https:\/\/www.asociacioncge.com\/wp-content\/uploads\/2026\/02\/Diapositiva20-1024x576.png\" class=\"attachment-large size-large wp-image-71121\" alt=\"\" srcset=\"https:\/\/www.asociacioncge.com\/wp-content\/uploads\/2026\/02\/Diapositiva20-1024x576.png 1024w, https:\/\/www.asociacioncge.com\/wp-content\/uploads\/2026\/02\/Diapositiva20-300x169.png 300w, https:\/\/www.asociacioncge.com\/wp-content\/uploads\/2026\/02\/Diapositiva20-768x432.png 768w, https:\/\/www.asociacioncge.com\/wp-content\/uploads\/2026\/02\/Diapositiva20-1536x864.png 1536w, https:\/\/www.asociacioncge.com\/wp-content\/uploads\/2026\/02\/Diapositiva20-600x338.png 600w, https:\/\/www.asociacioncge.com\/wp-content\/uploads\/2026\/02\/Diapositiva20.png 1920w\" sizes=\"(max-width: 870px) 100vw, 870px\" \/>\t\t\t\t\t\t\t\t\t\t\t\t\t\t\t<\/div>\n\t\t\t\t<\/div>\n\t\t\t\t\t<\/div>\n\t\t<\/div>\n\t\t\t\t\t<\/div>\n\t\t<\/section>\n\t\t\t\t<section class=\"elementor-section elementor-top-section elementor-element elementor-element-153df0c elementor-section-boxed elementor-section-height-default elementor-section-height-default\" data-id=\"153df0c\" data-element_type=\"section\" data-e-type=\"section\">\n\t\t\t\t\t\t<div class=\"elementor-container elementor-column-gap-default\">\n\t\t\t\t\t<div class=\"elementor-column elementor-col-50 elementor-top-column elementor-element elementor-element-51fc007\" data-id=\"51fc007\" data-element_type=\"column\" data-e-type=\"column\">\n\t\t\t<div class=\"elementor-widget-wrap elementor-element-populated\">\n\t\t\t\t\t\t<div class=\"elementor-element elementor-element-196557c elementor-widget elementor-widget-heading\" data-id=\"196557c\" data-element_type=\"widget\" data-e-type=\"widget\" data-widget_type=\"heading.default\">\n\t\t\t\t<div class=\"elementor-widget-container\">\n\t\t\t\t\t<h2 class=\"elementor-heading-title elementor-size-default\">Fecha de corte:<br>08 de cada mes<\/h2>\t\t\t\t<\/div>\n\t\t\t\t<\/div>\n\t\t\t\t\t<\/div>\n\t\t<\/div>\n\t\t\t\t<div class=\"elementor-column elementor-col-50 elementor-top-column elementor-element elementor-element-269fe7b\" data-id=\"269fe7b\" data-element_type=\"column\" data-e-type=\"column\">\n\t\t\t<div class=\"elementor-widget-wrap elementor-element-populated\">\n\t\t\t\t\t\t<div class=\"elementor-element elementor-element-868158e elementor-widget elementor-widget-heading\" data-id=\"868158e\" data-element_type=\"widget\" data-e-type=\"widget\" data-widget_type=\"heading.default\">\n\t\t\t\t<div class=\"elementor-widget-container\">\n\t\t\t\t\t<h2 class=\"elementor-heading-title elementor-size-default\">Fecha de acreditaci\u00f3n del cupo:<br>09 de cada mes<\/h2>\t\t\t\t<\/div>\n\t\t\t\t<\/div>\n\t\t\t\t\t<\/div>\n\t\t<\/div>\n\t\t\t\t\t<\/div>\n\t\t<\/section>\n\t\t\t\t<section class=\"elementor-section elementor-top-section elementor-element elementor-element-70d0daf elementor-section-boxed elementor-section-height-default elementor-section-height-default\" data-id=\"70d0daf\" data-element_type=\"section\" data-e-type=\"section\">\n\t\t\t\t\t\t<div class=\"elementor-container elementor-column-gap-default\">\n\t\t\t\t\t<div class=\"elementor-column elementor-col-100 elementor-top-column elementor-element elementor-element-6ea207e\" data-id=\"6ea207e\" data-element_type=\"column\" data-e-type=\"column\">\n\t\t\t<div class=\"elementor-widget-wrap elementor-element-populated\">\n\t\t\t\t\t\t<div class=\"elementor-element elementor-element-5976ff8 elementor-widget elementor-widget-image\" data-id=\"5976ff8\" data-element_type=\"widget\" data-e-type=\"widget\" data-widget_type=\"image.default\">\n\t\t\t\t<div class=\"elementor-widget-container\">\n\t\t\t\t\t\t\t\t\t\t\t\t\t\t\t<img decoding=\"async\" width=\"870\" height=\"489\" src=\"https:\/\/www.asociacioncge.com\/wp-content\/uploads\/2026\/02\/Diapositiva19-1024x576.png\" class=\"attachment-large size-large wp-image-71122\" alt=\"\" srcset=\"https:\/\/www.asociacioncge.com\/wp-content\/uploads\/2026\/02\/Diapositiva19-1024x576.png 1024w, https:\/\/www.asociacioncge.com\/wp-content\/uploads\/2026\/02\/Diapositiva19-300x169.png 300w, https:\/\/www.asociacioncge.com\/wp-content\/uploads\/2026\/02\/Diapositiva19-768x432.png 768w, https:\/\/www.asociacioncge.com\/wp-content\/uploads\/2026\/02\/Diapositiva19-1536x864.png 1536w, https:\/\/www.asociacioncge.com\/wp-content\/uploads\/2026\/02\/Diapositiva19-600x338.png 600w, https:\/\/www.asociacioncge.com\/wp-content\/uploads\/2026\/02\/Diapositiva19.png 1920w\" sizes=\"(max-width: 870px) 100vw, 870px\" \/>\t\t\t\t\t\t\t\t\t\t\t\t\t\t\t<\/div>\n\t\t\t\t<\/div>\n\t\t\t\t\t<\/div>\n\t\t<\/div>\n\t\t\t\t\t<\/div>\n\t\t<\/section>\n\t\t\t\t<section class=\"elementor-section elementor-top-section elementor-element elementor-element-33e7056 elementor-section-boxed elementor-section-height-default elementor-section-height-default\" data-id=\"33e7056\" data-element_type=\"section\" data-e-type=\"section\">\n\t\t\t\t\t\t<div class=\"elementor-container elementor-column-gap-default\">\n\t\t\t\t\t<div class=\"elementor-column elementor-col-100 elementor-top-column elementor-element elementor-element-0c1b080\" data-id=\"0c1b080\" data-element_type=\"column\" data-e-type=\"column\">\n\t\t\t<div class=\"elementor-widget-wrap elementor-element-populated\">\n\t\t\t\t\t\t<div class=\"elementor-element elementor-element-1e2db53 elementor-widget elementor-widget-image\" data-id=\"1e2db53\" data-element_type=\"widget\" data-e-type=\"widget\" data-widget_type=\"image.default\">\n\t\t\t\t<div class=\"elementor-widget-container\">\n\t\t\t\t\t\t\t\t\t\t\t\t\t\t\t<img loading=\"lazy\" decoding=\"async\" width=\"870\" height=\"489\" src=\"https:\/\/www.asociacioncge.com\/wp-content\/uploads\/2026\/02\/Diapositiva13-1024x576.png\" class=\"attachment-large size-large wp-image-71123\" alt=\"\" srcset=\"https:\/\/www.asociacioncge.com\/wp-content\/uploads\/2026\/02\/Diapositiva13-1024x576.png 1024w, https:\/\/www.asociacioncge.com\/wp-content\/uploads\/2026\/02\/Diapositiva13-300x169.png 300w, https:\/\/www.asociacioncge.com\/wp-content\/uploads\/2026\/02\/Diapositiva13-768x432.png 768w, https:\/\/www.asociacioncge.com\/wp-content\/uploads\/2026\/02\/Diapositiva13-1536x864.png 1536w, https:\/\/www.asociacioncge.com\/wp-content\/uploads\/2026\/02\/Diapositiva13-600x338.png 600w, https:\/\/www.asociacioncge.com\/wp-content\/uploads\/2026\/02\/Diapositiva13.png 1920w\" sizes=\"(max-width: 870px) 100vw, 870px\" \/>\t\t\t\t\t\t\t\t\t\t\t\t\t\t\t<\/div>\n\t\t\t\t<\/div>\n\t\t\t\t\t<\/div>\n\t\t<\/div>\n\t\t\t\t\t<\/div>\n\t\t<\/section>\n\t\t\t\t<section class=\"elementor-section elementor-top-section elementor-element elementor-element-aa254e1 elementor-section-boxed elementor-section-height-default elementor-section-height-default\" data-id=\"aa254e1\" data-element_type=\"section\" data-e-type=\"section\">\n\t\t\t\t\t\t<div class=\"elementor-container elementor-column-gap-default\">\n\t\t\t\t\t<div class=\"elementor-column elementor-col-100 elementor-top-column elementor-element elementor-element-4785d8ba\" data-id=\"4785d8ba\" data-element_type=\"column\" data-e-type=\"column\">\n\t\t\t<div class=\"elementor-widget-wrap elementor-element-populated\">\n\t\t\t\t\t\t<div class=\"elementor-element elementor-element-6687b4a7 elementor-widget-divider--view-line elementor-widget elementor-widget-divider\" data-id=\"6687b4a7\" data-element_type=\"widget\" data-e-type=\"widget\" data-widget_type=\"divider.default\">\n\t\t\t\t<div class=\"elementor-widget-container\">\n\t\t\t\t\t\t\t<div class=\"elementor-divider\">\n\t\t\t<span class=\"elementor-divider-separator\">\n\t\t\t\t\t\t<\/span>\n\t\t<\/div>\n\t\t\t\t\t\t<\/div>\n\t\t\t\t<\/div>\n\t\t\t\t\t<\/div>\n\t\t<\/div>\n\t\t\t\t\t<\/div>\n\t\t<\/section>\n\t\t\t\t<section class=\"elementor-section elementor-top-section elementor-element elementor-element-dcba793 elementor-section-boxed elementor-section-height-default elementor-section-height-default\" data-id=\"dcba793\" data-element_type=\"section\" data-e-type=\"section\">\n\t\t\t\t\t\t<div class=\"elementor-container elementor-column-gap-default\">\n\t\t\t\t\t<div class=\"elementor-column elementor-col-100 elementor-top-column elementor-element elementor-element-1f5fbba\" data-id=\"1f5fbba\" data-element_type=\"column\" data-e-type=\"column\">\n\t\t\t<div class=\"elementor-widget-wrap elementor-element-populated\">\n\t\t\t\t\t\t<div class=\"elementor-element elementor-element-626a38d elementor-widget elementor-widget-text-editor\" data-id=\"626a38d\" data-element_type=\"widget\" data-e-type=\"widget\" data-widget_type=\"text-editor.default\">\n\t\t\t\t<div class=\"elementor-widget-container\">\n\t\t\t\t\t\t\t\t\t<p style=\"text-align: justify;\"><b>Encuentra la sucursal de tu preferencia:<\/b><\/p>\t\t\t\t\t\t\t\t<\/div>\n\t\t\t\t<\/div>\n\t\t\t\t\t<\/div>\n\t\t<\/div>\n\t\t\t\t\t<\/div>\n\t\t<\/section>\n\t\t\t\t<section class=\"elementor-section elementor-top-section elementor-element elementor-element-eab837e elementor-section-boxed elementor-section-height-default elementor-section-height-default\" data-id=\"eab837e\" data-element_type=\"section\" data-e-type=\"section\">\n\t\t\t\t\t\t<div class=\"elementor-container elementor-column-gap-default\">\n\t\t\t\t\t<div class=\"elementor-column elementor-col-50 elementor-top-column elementor-element elementor-element-638d1f3\" data-id=\"638d1f3\" data-element_type=\"column\" data-e-type=\"column\">\n\t\t\t<div class=\"elementor-widget-wrap elementor-element-populated\">\n\t\t\t\t\t\t<div class=\"elementor-element elementor-element-3828561 elementor-align-center elementor-widget elementor-widget-button\" data-id=\"3828561\" data-element_type=\"widget\" data-e-type=\"widget\" data-widget_type=\"button.default\">\n\t\t\t\t<div class=\"elementor-widget-container\">\n\t\t\t\t\t\t\t\t\t<div class=\"elementor-button-wrapper\">\n\t\t\t\t\t<a class=\"elementor-button elementor-button-link elementor-size-sm\" href=\"https:\/\/www.farmaciascruzazul.ec\/nuestras-tiendas\" target=\"_blank\">\n\t\t\t\t\t\t<span class=\"elementor-button-content-wrapper\">\n\t\t\t\t\t\t\t\t\t<span class=\"elementor-button-text\">FARMACIAS CRUZ AZUL<\/span>\n\t\t\t\t\t<\/span>\n\t\t\t\t\t<\/a>\n\t\t\t\t<\/div>\n\t\t\t\t\t\t\t\t<\/div>\n\t\t\t\t<\/div>\n\t\t\t\t\t<\/div>\n\t\t<\/div>\n\t\t\t\t<div class=\"elementor-column elementor-col-50 elementor-top-column elementor-element elementor-element-993d5f3\" data-id=\"993d5f3\" data-element_type=\"column\" data-e-type=\"column\">\n\t\t\t<div class=\"elementor-widget-wrap elementor-element-populated\">\n\t\t\t\t\t\t<div class=\"elementor-element elementor-element-308014b elementor-align-center elementor-widget elementor-widget-button\" data-id=\"308014b\" data-element_type=\"widget\" data-e-type=\"widget\" data-widget_type=\"button.default\">\n\t\t\t\t<div class=\"elementor-widget-container\">\n\t\t\t\t\t\t\t\t\t<div class=\"elementor-button-wrapper\">\n\t\t\t\t\t<a class=\"elementor-button elementor-button-link elementor-size-sm\" href=\"https:\/\/www.pharmacys.com.ec\/nuestras-tiendas\" target=\"_blank\">\n\t\t\t\t\t\t<span class=\"elementor-button-content-wrapper\">\n\t\t\t\t\t\t\t\t\t<span class=\"elementor-button-text\">FARMACIAS PHARMACYS<\/span>\n\t\t\t\t\t<\/span>\n\t\t\t\t\t<\/a>\n\t\t\t\t<\/div>\n\t\t\t\t\t\t\t\t<\/div>\n\t\t\t\t<\/div>\n\t\t\t\t\t<\/div>\n\t\t<\/div>\n\t\t\t\t\t<\/div>\n\t\t<\/section>\n\t\t\t\t<\/div>\n\t\t","protected":false},"excerpt":{"rendered":"<p>CR\u00c9DITO EMPRESARIAL solamente presentando la c\u00e9dula en cualquiera de sus sucursales a nivel nacional. Cupo mensual: $100 Cr\u00e9dito a 3 meses en compras superiores a $ 20 Fecha de corte:08 de cada mes Fecha de acreditaci\u00f3n del cupo:09 de cada mes Encuentra la sucursal de tu preferencia: FARMACIAS CRUZ AZUL FARMACIAS PHARMACYS<\/p>\n","protected":false},"author":1,"featured_media":0,"parent":0,"menu_order":0,"comment_status":"closed","ping_status":"closed","template":"","meta":{"_monsterinsights_skip_tracking":false,"_monsterinsights_sitenote_active":false,"_monsterinsights_sitenote_note":"","_monsterinsights_sitenote_category":0,"ngg_post_thumbnail":0,"footnotes":""},"tags":[],"class_list":["post-61672","page","type-page","status-publish","hentry"],"aioseo_notices":[],"_links":{"self":[{"href":"https:\/\/www.asociacioncge.com\/index.php?rest_route=\/wp\/v2\/pages\/61672","targetHints":{"allow":["GET"]}}],"collection":[{"href":"https:\/\/www.asociacioncge.com\/index.php?rest_route=\/wp\/v2\/pages"}],"about":[{"href":"https:\/\/www.asociacioncge.com\/index.php?rest_route=\/wp\/v2\/types\/page"}],"author":[{"embeddable":true,"href":"https:\/\/www.asociacioncge.com\/index.php?rest_route=\/wp\/v2\/users\/1"}],"replies":[{"embeddable":true,"href":"https:\/\/www.asociacioncge.com\/index.php?rest_route=%2Fwp%2Fv2%2Fcomments&post=61672"}],"version-history":[{"count":73,"href":"https:\/\/www.asociacioncge.com\/index.php?rest_route=\/wp\/v2\/pages\/61672\/revisions"}],"predecessor-version":[{"id":71133,"href":"https:\/\/www.asociacioncge.com\/index.php?rest_route=\/wp\/v2\/pages\/61672\/revisions\/71133"}],"wp:attachment":[{"href":"https:\/\/www.asociacioncge.com\/index.php?rest_route=%2Fwp%2Fv2%2Fmedia&parent=61672"}],"wp:term":[{"taxonomy":"post_tag","embeddable":true,"href":"https:\/\/www.asociacioncge.com\/index.php?rest_route=%2Fwp%2Fv2%2Ftags&post=61672"}],"curies":[{"name":"wp","href":"https:\/\/api.w.org\/{rel}","templated":true}]}}