{"id":59456,"date":"2022-09-26T17:47:55","date_gmt":"2022-09-26T17:47:55","guid":{"rendered":"https:\/\/www.asociacioncge.com\/?page_id=59456"},"modified":"2023-02-08T18:19:56","modified_gmt":"2023-02-08T18:19:56","slug":"cooperativa-de-ahorro-y-credito-oscus","status":"publish","type":"page","link":"https:\/\/www.asociacioncge.com\/?page_id=59456","title":{"rendered":"COOPERATIVA DE AHORRO Y CR\u00c9DITO OSCUS"},"content":{"rendered":"\t\t<div data-elementor-type=\"wp-page\" data-elementor-id=\"59456\" class=\"elementor elementor-59456\">\n\t\t\t\t\t\t<section class=\"elementor-section elementor-top-section elementor-element elementor-element-fdf62fa elementor-section-boxed elementor-section-height-default elementor-section-height-default\" data-id=\"fdf62fa\" data-element_type=\"section\" data-e-type=\"section\">\n\t\t\t\t\t\t<div class=\"elementor-container elementor-column-gap-default\">\n\t\t\t\t\t<div class=\"elementor-column elementor-col-50 elementor-top-column elementor-element elementor-element-8639655\" data-id=\"8639655\" data-element_type=\"column\" data-e-type=\"column\">\n\t\t\t<div class=\"elementor-widget-wrap elementor-element-populated\">\n\t\t\t\t\t\t<div class=\"elementor-element elementor-element-5211107 elementor-widget elementor-widget-image\" data-id=\"5211107\" data-element_type=\"widget\" data-e-type=\"widget\" data-widget_type=\"image.default\">\n\t\t\t\t<div class=\"elementor-widget-container\">\n\t\t\t\t\t\t\t\t\t\t\t\t\t\t\t<img decoding=\"async\" width=\"473\" height=\"86\" src=\"https:\/\/www.asociacioncge.com\/wp-content\/uploads\/2022\/09\/Logo-oscus.png\" class=\"attachment-large size-large wp-image-59576\" alt=\"\" srcset=\"https:\/\/www.asociacioncge.com\/wp-content\/uploads\/2022\/09\/Logo-oscus.png 473w, https:\/\/www.asociacioncge.com\/wp-content\/uploads\/2022\/09\/Logo-oscus-300x55.png 300w\" sizes=\"(max-width: 473px) 100vw, 473px\" \/>\t\t\t\t\t\t\t\t\t\t\t\t\t\t\t<\/div>\n\t\t\t\t<\/div>\n\t\t\t\t\t<\/div>\n\t\t<\/div>\n\t\t\t\t<div class=\"elementor-column elementor-col-50 elementor-top-column elementor-element elementor-element-d5e4a33\" data-id=\"d5e4a33\" data-element_type=\"column\" data-e-type=\"column\">\n\t\t\t<div class=\"elementor-widget-wrap elementor-element-populated\">\n\t\t\t\t\t\t<div class=\"elementor-element elementor-element-3924e20 elementor-widget elementor-widget-heading\" data-id=\"3924e20\" data-element_type=\"widget\" data-e-type=\"widget\" data-widget_type=\"heading.default\">\n\t\t\t\t<div class=\"elementor-widget-container\">\n\t\t\t\t\t<h2 class=\"elementor-heading-title elementor-size-default\">Beneficio vigente para socios de LATACUNGA<\/h2>\t\t\t\t<\/div>\n\t\t\t\t<\/div>\n\t\t\t\t\t<\/div>\n\t\t<\/div>\n\t\t\t\t\t<\/div>\n\t\t<\/section>\n\t\t\t\t<section class=\"elementor-section elementor-top-section elementor-element elementor-element-3fb73a6 elementor-section-boxed elementor-section-height-default elementor-section-height-default\" data-id=\"3fb73a6\" data-element_type=\"section\" data-e-type=\"section\">\n\t\t\t\t\t\t<div class=\"elementor-container elementor-column-gap-default\">\n\t\t\t\t\t<div class=\"elementor-column elementor-col-100 elementor-top-column elementor-element elementor-element-7e23e20\" data-id=\"7e23e20\" data-element_type=\"column\" data-e-type=\"column\">\n\t\t\t<div class=\"elementor-widget-wrap elementor-element-populated\">\n\t\t\t\t\t\t<div class=\"elementor-element elementor-element-0b8c772 elementor-widget elementor-widget-text-editor\" data-id=\"0b8c772\" data-element_type=\"widget\" data-e-type=\"widget\" data-widget_type=\"text-editor.default\">\n\t\t\t\t<div class=\"elementor-widget-container\">\n\t\t\t\t\t\t\t\t\t<p>La Cooperativa de Ahorro y Cr\u00e9dito OSCUS Ltda., comercializa su producto financiero denominado <span style=\"color: #000080;\"><strong>CR\u00c9DITO N\u00d3MINA-ANTICIPO<\/strong><\/span> dirigido para socios que tengan al menos un a\u00f1o consecutivo de relaci\u00f3n de dependencia dentro de la Instituci\u00f3n.<\/p><p>Este cr\u00e9dito cuenta con una tasa de interes competitivo\u00a0 y de corto plazo:<\/p>\t\t\t\t\t\t\t\t<\/div>\n\t\t\t\t<\/div>\n\t\t\t\t\t<\/div>\n\t\t<\/div>\n\t\t\t\t\t<\/div>\n\t\t<\/section>\n\t\t\t\t<section class=\"elementor-section elementor-top-section elementor-element elementor-element-c3263f1 elementor-section-boxed elementor-section-height-default elementor-section-height-default\" data-id=\"c3263f1\" data-element_type=\"section\" data-e-type=\"section\">\n\t\t\t\t\t\t<div class=\"elementor-container elementor-column-gap-default\">\n\t\t\t\t\t<div class=\"elementor-column elementor-col-50 elementor-top-column elementor-element elementor-element-20cca2d\" data-id=\"20cca2d\" data-element_type=\"column\" data-e-type=\"column\">\n\t\t\t<div class=\"elementor-widget-wrap elementor-element-populated\">\n\t\t\t\t\t\t<div class=\"elementor-element elementor-element-eaa8aad elementor-icon-list--layout-traditional elementor-list-item-link-full_width elementor-widget elementor-widget-icon-list\" data-id=\"eaa8aad\" data-element_type=\"widget\" data-e-type=\"widget\" data-widget_type=\"icon-list.default\">\n\t\t\t\t<div class=\"elementor-widget-container\">\n\t\t\t\t\t\t\t<ul class=\"elementor-icon-list-items\">\n\t\t\t\t\t\t\t<li class=\"elementor-icon-list-item\">\n\t\t\t\t\t\t\t\t\t\t\t<span class=\"elementor-icon-list-icon\">\n\t\t\t\t\t\t\t<i aria-hidden=\"true\" class=\"fas fa-check\"><\/i>\t\t\t\t\t\t<\/span>\n\t\t\t\t\t\t\t\t\t\t<span class=\"elementor-icon-list-text\">Cr\u00e9dito inmediato con m\u00ednimo tr\u00e1mite operativo<\/span>\n\t\t\t\t\t\t\t\t\t<\/li>\n\t\t\t\t\t\t\t\t<li class=\"elementor-icon-list-item\">\n\t\t\t\t\t\t\t\t\t\t\t<span class=\"elementor-icon-list-icon\">\n\t\t\t\t\t\t\t<i aria-hidden=\"true\" class=\"fas fa-check\"><\/i>\t\t\t\t\t\t<\/span>\n\t\t\t\t\t\t\t\t\t\t<span class=\"elementor-icon-list-text\">Cr\u00e9dito sin garante<\/span>\n\t\t\t\t\t\t\t\t\t<\/li>\n\t\t\t\t\t\t\t\t<li class=\"elementor-icon-list-item\">\n\t\t\t\t\t\t\t\t\t\t\t<span class=\"elementor-icon-list-icon\">\n\t\t\t\t\t\t\t<i aria-hidden=\"true\" class=\"fas fa-check\"><\/i>\t\t\t\t\t\t<\/span>\n\t\t\t\t\t\t\t\t\t\t<span class=\"elementor-icon-list-text\">No requiere relaci\u00f3n de base ni saldos promedio<\/span>\n\t\t\t\t\t\t\t\t\t<\/li>\n\t\t\t\t\t\t\t\t<li class=\"elementor-icon-list-item\">\n\t\t\t\t\t\t\t\t\t\t\t<span class=\"elementor-icon-list-icon\">\n\t\t\t\t\t\t\t<i aria-hidden=\"true\" class=\"fas fa-check\"><\/i>\t\t\t\t\t\t<\/span>\n\t\t\t\t\t\t\t\t\t\t<span class=\"elementor-icon-list-text\">Tasa de inter\u00e9s competitiva<\/span>\n\t\t\t\t\t\t\t\t\t<\/li>\n\t\t\t\t\t\t\t\t<li class=\"elementor-icon-list-item\">\n\t\t\t\t\t\t\t\t\t\t\t<span class=\"elementor-icon-list-icon\">\n\t\t\t\t\t\t\t<i aria-hidden=\"true\" class=\"fas fa-check\"><\/i>\t\t\t\t\t\t<\/span>\n\t\t\t\t\t\t\t\t\t\t<span class=\"elementor-icon-list-text\">Sin la firma del conyugu\u00e9<\/span>\n\t\t\t\t\t\t\t\t\t<\/li>\n\t\t\t\t\t\t\t\t<li class=\"elementor-icon-list-item\">\n\t\t\t\t\t\t\t\t\t\t\t<span class=\"elementor-icon-list-icon\">\n\t\t\t\t\t\t\t<i aria-hidden=\"true\" class=\"fas fa-check\"><\/i>\t\t\t\t\t\t<\/span>\n\t\t\t\t\t\t\t\t\t\t<span class=\"elementor-icon-list-text\">Tarjeta de d\u00e9bito internacional MasterCard OSCUS<\/span>\n\t\t\t\t\t\t\t\t\t<\/li>\n\t\t\t\t\t\t\t\t<li class=\"elementor-icon-list-item\">\n\t\t\t\t\t\t\t\t\t\t\t<span class=\"elementor-icon-list-icon\">\n\t\t\t\t\t\t\t<i aria-hidden=\"true\" class=\"fas fa-check\"><\/i>\t\t\t\t\t\t<\/span>\n\t\t\t\t\t\t\t\t\t\t<span class=\"elementor-icon-list-text\">Acceso a la red m\u00e9dica OSCUS de acuerdo a las condiciones del servicio<\/span>\n\t\t\t\t\t\t\t\t\t<\/li>\n\t\t\t\t\t\t\t\t<li class=\"elementor-icon-list-item\">\n\t\t\t\t\t\t\t\t\t\t\t<span class=\"elementor-icon-list-icon\">\n\t\t\t\t\t\t\t<i aria-hidden=\"true\" class=\"fas fa-check\"><\/i>\t\t\t\t\t\t<\/span>\n\t\t\t\t\t\t\t\t\t\t<span class=\"elementor-icon-list-text\">Acceso a CapaciOSCUS de acuerdo a las condiciones del servicio<\/span>\n\t\t\t\t\t\t\t\t\t<\/li>\n\t\t\t\t\t\t\t\t<li class=\"elementor-icon-list-item\">\n\t\t\t\t\t\t\t\t\t\t\t<span class=\"elementor-icon-list-icon\">\n\t\t\t\t\t\t\t<i aria-hidden=\"true\" class=\"fas fa-check\"><\/i>\t\t\t\t\t\t<\/span>\n\t\t\t\t\t\t\t\t\t\t<span class=\"elementor-icon-list-text\">Cr\u00e9dito en funci\u00f3n de la capacidad de pago<\/span>\n\t\t\t\t\t\t\t\t\t<\/li>\n\t\t\t\t\t\t<\/ul>\n\t\t\t\t\t\t<\/div>\n\t\t\t\t<\/div>\n\t\t\t\t\t<\/div>\n\t\t<\/div>\n\t\t\t\t<div class=\"elementor-column elementor-col-50 elementor-top-column elementor-element elementor-element-3e6b896\" data-id=\"3e6b896\" data-element_type=\"column\" data-e-type=\"column\">\n\t\t\t<div class=\"elementor-widget-wrap elementor-element-populated\">\n\t\t\t\t\t\t<div class=\"elementor-element elementor-element-9b5e054 elementor-widget elementor-widget-image\" data-id=\"9b5e054\" data-element_type=\"widget\" data-e-type=\"widget\" data-widget_type=\"image.default\">\n\t\t\t\t<div class=\"elementor-widget-container\">\n\t\t\t\t\t\t\t\t\t\t\t\t\t\t\t<img fetchpriority=\"high\" decoding=\"async\" width=\"626\" height=\"417\" src=\"https:\/\/www.asociacioncge.com\/wp-content\/uploads\/2022\/09\/credito-png.png\" class=\"attachment-large size-large wp-image-59627\" alt=\"\" srcset=\"https:\/\/www.asociacioncge.com\/wp-content\/uploads\/2022\/09\/credito-png.png 626w, https:\/\/www.asociacioncge.com\/wp-content\/uploads\/2022\/09\/credito-png-300x200.png 300w, https:\/\/www.asociacioncge.com\/wp-content\/uploads\/2022\/09\/credito-png-600x400.png 600w\" sizes=\"(max-width: 626px) 100vw, 626px\" \/>\t\t\t\t\t\t\t\t\t\t\t\t\t\t\t<\/div>\n\t\t\t\t<\/div>\n\t\t\t\t\t<\/div>\n\t\t<\/div>\n\t\t\t\t\t<\/div>\n\t\t<\/section>\n\t\t\t\t<section class=\"elementor-section elementor-top-section elementor-element elementor-element-82b95d6 elementor-section-boxed elementor-section-height-default elementor-section-height-default\" data-id=\"82b95d6\" data-element_type=\"section\" data-e-type=\"section\">\n\t\t\t\t\t\t<div class=\"elementor-container elementor-column-gap-default\">\n\t\t\t\t\t<div class=\"elementor-column elementor-col-100 elementor-top-column elementor-element elementor-element-e769394\" data-id=\"e769394\" data-element_type=\"column\" data-e-type=\"column\">\n\t\t\t<div class=\"elementor-widget-wrap elementor-element-populated\">\n\t\t\t\t\t\t<div class=\"elementor-element elementor-element-8f8d0fe elementor-widget elementor-widget-heading\" data-id=\"8f8d0fe\" data-element_type=\"widget\" data-e-type=\"widget\" data-widget_type=\"heading.default\">\n\t\t\t\t<div class=\"elementor-widget-container\">\n\t\t\t\t\t<h2 class=\"elementor-heading-title elementor-size-default\">Requisitos:\n<\/h2>\t\t\t\t<\/div>\n\t\t\t\t<\/div>\n\t\t\t\t\t<\/div>\n\t\t<\/div>\n\t\t\t\t\t<\/div>\n\t\t<\/section>\n\t\t\t\t<section class=\"elementor-section elementor-top-section elementor-element elementor-element-45685a8 elementor-section-boxed elementor-section-height-default elementor-section-height-default\" data-id=\"45685a8\" data-element_type=\"section\" data-e-type=\"section\">\n\t\t\t\t\t\t<div class=\"elementor-container elementor-column-gap-default\">\n\t\t\t\t\t<div class=\"elementor-column elementor-col-100 elementor-top-column elementor-element elementor-element-1c2ec03\" data-id=\"1c2ec03\" data-element_type=\"column\" data-e-type=\"column\">\n\t\t\t<div class=\"elementor-widget-wrap elementor-element-populated\">\n\t\t\t\t\t\t<div class=\"elementor-element elementor-element-4f3f510 elementor-widget elementor-widget-text-editor\" data-id=\"4f3f510\" data-element_type=\"widget\" data-e-type=\"widget\" data-widget_type=\"text-editor.default\">\n\t\t\t\t<div class=\"elementor-widget-container\">\n\t\t\t\t\t\t\t\t\t<ol><li>Aperturar una cuenta de Ahorros como socio OSCUS.<\/li><li>Aceptar con OSCUS el contrato online.<\/li><li>Suscribir una autorizaci\u00f3n de d\u00e9bito.<\/li><li>Entregar los siguientes documentos:<ul><li>Copia a color de la c\u00e9dula de identidad y papeleta de votaci\u00f3n actualizadas.<\/li><li>Planilla de servicio b\u00e1sico del domicilio dentro de los \u00faltimos 3 meses.<\/li><li>Rol de pagos.<\/li><li>Mecanizado del IESS.<\/li><\/ul><\/li><li>Que la fuente de pago provenga de sueldos y salarios con una relaci\u00f3n de dependencia\u00a0 de al menos un a\u00f1o ininterrumpidamente con el mismo empleador.<\/li><li>Solicitar una operaci\u00f3n de cr\u00e9dito de hasta USD 20,000 de acuerdo a su capacidad de pago.<\/li><li>Comunicar inmediatamente a OSCUS cualquier hecho o circunstancia que pudiera dar origen a un deterioro en sus ingresos, utilidades, capacidad de pago o situaci\u00f3n financiera, trabajo o de vinculaci\u00f3n con tercero, y, en general, de cualquier hecho de importancia, a\u00fan de car\u00e1cter reservado que le afecte y que pueda constituir un riesgo\u00a0 de incumplimiento de sus obligaciones frente a OSCUS.<\/li><li>Autorizar a OSCUS para que pueda hacer publicidad sobre el otorgamiento del cr\u00e9dito concedido.<\/li><\/ol>\t\t\t\t\t\t\t\t<\/div>\n\t\t\t\t<\/div>\n\t\t\t\t\t<\/div>\n\t\t<\/div>\n\t\t\t\t\t<\/div>\n\t\t<\/section>\n\t\t\t\t<section class=\"elementor-section elementor-top-section elementor-element elementor-element-76352c5 elementor-section-boxed elementor-section-height-default elementor-section-height-default\" data-id=\"76352c5\" data-element_type=\"section\" data-e-type=\"section\">\n\t\t\t\t\t\t<div class=\"elementor-container elementor-column-gap-default\">\n\t\t\t\t\t<div class=\"elementor-column elementor-col-100 elementor-top-column elementor-element elementor-element-93690b5\" data-id=\"93690b5\" data-element_type=\"column\" data-e-type=\"column\">\n\t\t\t<div class=\"elementor-widget-wrap elementor-element-populated\">\n\t\t\t\t\t\t<div class=\"elementor-element elementor-element-353aa64 elementor-widget elementor-widget-heading\" data-id=\"353aa64\" data-element_type=\"widget\" data-e-type=\"widget\" data-widget_type=\"heading.default\">\n\t\t\t\t<div class=\"elementor-widget-container\">\n\t\t\t\t\t<h2 class=\"elementor-heading-title elementor-size-default\">M\u00e1s informaci\u00f3n y contactos:<\/h2>\t\t\t\t<\/div>\n\t\t\t\t<\/div>\n\t\t\t\t\t<\/div>\n\t\t<\/div>\n\t\t\t\t\t<\/div>\n\t\t<\/section>\n\t\t\t\t<section class=\"elementor-section elementor-top-section elementor-element elementor-element-e7106d1 elementor-section-boxed elementor-section-height-default elementor-section-height-default\" data-id=\"e7106d1\" data-element_type=\"section\" data-e-type=\"section\">\n\t\t\t\t\t\t<div class=\"elementor-container elementor-column-gap-default\">\n\t\t\t\t\t<div class=\"elementor-column elementor-col-50 elementor-top-column elementor-element elementor-element-b743831\" data-id=\"b743831\" data-element_type=\"column\" data-e-type=\"column\">\n\t\t\t<div class=\"elementor-widget-wrap elementor-element-populated\">\n\t\t\t\t\t\t<div class=\"elementor-element elementor-element-036ed69 elementor-widget elementor-widget-text-editor\" data-id=\"036ed69\" data-element_type=\"widget\" data-e-type=\"widget\" data-widget_type=\"text-editor.default\">\n\t\t\t\t<div class=\"elementor-widget-container\">\n\t\t\t\t\t\t\t\t\t<p>Ing. Johanna Tapia<\/p><p><strong>Contacto celular:<\/strong> 09 87380931<\/p><p><strong>Correo electr\u00f3nico:<\/strong> <a href=\"mailto:jtapia@oscus.coop\" target=\"_blank\" rel=\"noopener\">jtapia@oscus.coop<\/a><\/p><p>\u00a0<\/p><p><strong>FORMULARIO DE CR\u00c9DITO<\/strong><\/p><p><a href=\"https:\/\/www.asociacioncge.com\/wp-content\/uploads\/2022\/09\/SolicituddeCreditoDeudor-OSCUS.pdf\" target=\"_blank\" rel=\"noopener\"><img decoding=\"async\" class=\"alignnone  wp-image-59604\" src=\"https:\/\/www.asociacioncge.com\/wp-content\/uploads\/2022\/09\/logo-pdf-244x300.png\" alt=\"\" width=\"88\" height=\"108\" srcset=\"https:\/\/www.asociacioncge.com\/wp-content\/uploads\/2022\/09\/logo-pdf-244x300.png 244w, https:\/\/www.asociacioncge.com\/wp-content\/uploads\/2022\/09\/logo-pdf-768x943.png 768w, https:\/\/www.asociacioncge.com\/wp-content\/uploads\/2022\/09\/logo-pdf-600x737.png 600w, https:\/\/www.asociacioncge.com\/wp-content\/uploads\/2022\/09\/logo-pdf.png 833w\" sizes=\"(max-width: 88px) 100vw, 88px\" \/><\/a><\/p>\t\t\t\t\t\t\t\t<\/div>\n\t\t\t\t<\/div>\n\t\t\t\t\t<\/div>\n\t\t<\/div>\n\t\t\t\t<div class=\"elementor-column elementor-col-50 elementor-top-column elementor-element elementor-element-45403ad\" data-id=\"45403ad\" data-element_type=\"column\" data-e-type=\"column\">\n\t\t\t<div class=\"elementor-widget-wrap elementor-element-populated\">\n\t\t\t\t\t\t<div class=\"elementor-element elementor-element-561b00d elementor-widget elementor-widget-image\" data-id=\"561b00d\" data-element_type=\"widget\" data-e-type=\"widget\" data-widget_type=\"image.default\">\n\t\t\t\t<div class=\"elementor-widget-container\">\n\t\t\t\t\t\t\t\t\t\t\t\t<figure class=\"wp-caption\">\n\t\t\t\t\t\t\t\t\t\t\t<a href=\"https:\/\/www.asociacioncge.com\/wp-content\/uploads\/2022\/09\/OSCUS-DIRECCIONES.png\" data-elementor-open-lightbox=\"yes\" data-elementor-lightbox-title=\"OSCUS DIRECCIONES\" data-e-action-hash=\"#elementor-action%3Aaction%3Dlightbox%26settings%3DeyJpZCI6NTk1OTMsInVybCI6Imh0dHBzOlwvXC93d3cuYXNvY2lhY2lvbmNnZS5jb21cL3dwLWNvbnRlbnRcL3VwbG9hZHNcLzIwMjJcLzA5XC9PU0NVUy1ESVJFQ0NJT05FUy5wbmcifQ%3D%3D\">\n\t\t\t\t\t\t\t<img loading=\"lazy\" decoding=\"async\" width=\"731\" height=\"1024\" src=\"https:\/\/www.asociacioncge.com\/wp-content\/uploads\/2022\/09\/OSCUS-DIRECCIONES-731x1024.png\" class=\"attachment-large size-large wp-image-59593\" alt=\"\" srcset=\"https:\/\/www.asociacioncge.com\/wp-content\/uploads\/2022\/09\/OSCUS-DIRECCIONES-731x1024.png 731w, https:\/\/www.asociacioncge.com\/wp-content\/uploads\/2022\/09\/OSCUS-DIRECCIONES-214x300.png 214w, https:\/\/www.asociacioncge.com\/wp-content\/uploads\/2022\/09\/OSCUS-DIRECCIONES-768x1076.png 768w, https:\/\/www.asociacioncge.com\/wp-content\/uploads\/2022\/09\/OSCUS-DIRECCIONES-600x840.png 600w, https:\/\/www.asociacioncge.com\/wp-content\/uploads\/2022\/09\/OSCUS-DIRECCIONES.png 914w\" sizes=\"(max-width: 731px) 100vw, 731px\" \/>\t\t\t\t\t\t\t\t<\/a>\n\t\t\t\t\t\t\t\t\t\t\t<figcaption class=\"widget-image-caption wp-caption-text\">Sucursales OSCUS a nivel nacional<\/figcaption>\n\t\t\t\t\t\t\t\t\t\t<\/figure>\n\t\t\t\t\t\t\t\t\t<\/div>\n\t\t\t\t<\/div>\n\t\t\t\t\t<\/div>\n\t\t<\/div>\n\t\t\t\t\t<\/div>\n\t\t<\/section>\n\t\t\t\t<\/div>\n\t\t","protected":false},"excerpt":{"rendered":"<p>Beneficio vigente para socios de LATACUNGA La Cooperativa de Ahorro y Cr\u00e9dito OSCUS Ltda., comercializa su producto financiero denominado CR\u00c9DITO N\u00d3MINA-ANTICIPO dirigido para socios que tengan al menos un a\u00f1o consecutivo de relaci\u00f3n de dependencia dentro de la Instituci\u00f3n. Este cr\u00e9dito cuenta con una tasa de interes competitivo\u00a0 y de corto plazo: Cr\u00e9dito inmediato con [&hellip;]<\/p>\n","protected":false},"author":1,"featured_media":0,"parent":0,"menu_order":0,"comment_status":"closed","ping_status":"closed","template":"","meta":{"_monsterinsights_skip_tracking":false,"_monsterinsights_sitenote_active":false,"_monsterinsights_sitenote_note":"","_monsterinsights_sitenote_category":0,"ngg_post_thumbnail":0,"footnotes":""},"tags":[],"class_list":["post-59456","page","type-page","status-publish","hentry"],"aioseo_notices":[],"_links":{"self":[{"href":"https:\/\/www.asociacioncge.com\/index.php?rest_route=\/wp\/v2\/pages\/59456","targetHints":{"allow":["GET"]}}],"collection":[{"href":"https:\/\/www.asociacioncge.com\/index.php?rest_route=\/wp\/v2\/pages"}],"about":[{"href":"https:\/\/www.asociacioncge.com\/index.php?rest_route=\/wp\/v2\/types\/page"}],"author":[{"embeddable":true,"href":"https:\/\/www.asociacioncge.com\/index.php?rest_route=\/wp\/v2\/users\/1"}],"replies":[{"embeddable":true,"href":"https:\/\/www.asociacioncge.com\/index.php?rest_route=%2Fwp%2Fv2%2Fcomments&post=59456"}],"version-history":[{"count":61,"href":"https:\/\/www.asociacioncge.com\/index.php?rest_route=\/wp\/v2\/pages\/59456\/revisions"}],"predecessor-version":[{"id":62161,"href":"https:\/\/www.asociacioncge.com\/index.php?rest_route=\/wp\/v2\/pages\/59456\/revisions\/62161"}],"wp:attachment":[{"href":"https:\/\/www.asociacioncge.com\/index.php?rest_route=%2Fwp%2Fv2%2Fmedia&parent=59456"}],"wp:term":[{"taxonomy":"post_tag","embeddable":true,"href":"https:\/\/www.asociacioncge.com\/index.php?rest_route=%2Fwp%2Fv2%2Ftags&post=59456"}],"curies":[{"name":"wp","href":"https:\/\/api.w.org\/{rel}","templated":true}]}}