{"id":56719,"date":"2022-03-16T14:10:31","date_gmt":"2022-03-16T14:10:31","guid":{"rendered":"https:\/\/www.asociacioncge.com\/?page_id=56719"},"modified":"2025-09-04T13:25:57","modified_gmt":"2025-09-04T13:25:57","slug":"directorio-2022-2024","status":"publish","type":"page","link":"https:\/\/www.asociacioncge.com\/?page_id=56719","title":{"rendered":"Directorio 2024 &#8211; 2026"},"content":{"rendered":"\t\t<div data-elementor-type=\"wp-page\" data-elementor-id=\"56719\" class=\"elementor elementor-56719\">\n\t\t\t\t\t\t<section class=\"elementor-section elementor-top-section elementor-element elementor-element-4fa9aac elementor-section-boxed elementor-section-height-default elementor-section-height-default\" data-id=\"4fa9aac\" data-element_type=\"section\" data-e-type=\"section\">\n\t\t\t\t\t\t<div class=\"elementor-container elementor-column-gap-default\">\n\t\t\t\t\t<div class=\"elementor-column elementor-col-100 elementor-top-column elementor-element elementor-element-363e6d8\" data-id=\"363e6d8\" data-element_type=\"column\" data-e-type=\"column\">\n\t\t\t<div class=\"elementor-widget-wrap elementor-element-populated\">\n\t\t\t\t\t\t<div class=\"elementor-element elementor-element-58da61c elementor-widget elementor-widget-text-editor\" data-id=\"58da61c\" data-element_type=\"widget\" data-e-type=\"widget\" data-widget_type=\"text-editor.default\">\n\t\t\t\t<div class=\"elementor-widget-container\">\n\t\t\t\t\t\t\t\t\t<p>El actual directorio de la Asociaci\u00f3n Nacional de Servidores P\u00fablicos de la Contralor\u00eda General del Estado, fue elegido por los socios en el proceso electoral desarrollado el 22 de abril de 2024 y estar\u00e1 en funciones durante el periodo 2024-2026.<\/p>\t\t\t\t\t\t\t\t<\/div>\n\t\t\t\t<\/div>\n\t\t\t\t\t<\/div>\n\t\t<\/div>\n\t\t\t\t\t<\/div>\n\t\t<\/section>\n\t\t\t\t<section class=\"elementor-section elementor-top-section elementor-element elementor-element-d593152 elementor-section-boxed elementor-section-height-default elementor-section-height-default\" data-id=\"d593152\" data-element_type=\"section\" data-e-type=\"section\">\n\t\t\t\t\t\t<div class=\"elementor-container elementor-column-gap-default\">\n\t\t\t\t\t<div class=\"elementor-column elementor-col-50 elementor-top-column elementor-element elementor-element-cb995cb\" data-id=\"cb995cb\" data-element_type=\"column\" data-e-type=\"column\">\n\t\t\t<div class=\"elementor-widget-wrap elementor-element-populated\">\n\t\t\t\t\t\t<div class=\"elementor-element elementor-element-dbdf23e elementor-alert-info elementor-widget elementor-widget-alert\" data-id=\"dbdf23e\" data-element_type=\"widget\" data-e-type=\"widget\" data-widget_type=\"alert.default\">\n\t\t\t\t<div class=\"elementor-widget-container\">\n\t\t\t\t\t\t\t<div class=\"elementor-alert\" role=\"alert\">\n\n\t\t\t\t\t\t<span class=\"elementor-alert-title\">PRESIDENTE<\/span>\n\t\t\t\n\t\t\t\t\t\t<span class=\"elementor-alert-description\">Pablo David S\u00e1nchez Guerra<br><b>presidencia@asocge.com<\/b>\n\n<\/span>\n\t\t\t\n\t\t\t\n\t\t<\/div>\n\t\t\t\t\t\t<\/div>\n\t\t\t\t<\/div>\n\t\t\t\t\t<\/div>\n\t\t<\/div>\n\t\t\t\t<div class=\"elementor-column elementor-col-50 elementor-top-column elementor-element elementor-element-7965c85\" data-id=\"7965c85\" data-element_type=\"column\" data-e-type=\"column\">\n\t\t\t<div class=\"elementor-widget-wrap elementor-element-populated\">\n\t\t\t\t\t\t<div class=\"elementor-element elementor-element-2d6708a elementor-alert-info elementor-widget elementor-widget-alert\" data-id=\"2d6708a\" data-element_type=\"widget\" data-e-type=\"widget\" data-widget_type=\"alert.default\">\n\t\t\t\t<div class=\"elementor-widget-container\">\n\t\t\t\t\t\t\t<div class=\"elementor-alert\" role=\"alert\">\n\n\t\t\t\t\t\t<span class=\"elementor-alert-title\">VICE PRESIDENTA<\/span>\n\t\t\t\n\t\t\t\t\t\t<span class=\"elementor-alert-description\">Karla Ver\u00f3nica Mej\u00eda Cholo<br><b>kmejia@contraloria.gob.ec<\/b>\n<\/span>\n\t\t\t\n\t\t\t\n\t\t<\/div>\n\t\t\t\t\t\t<\/div>\n\t\t\t\t<\/div>\n\t\t\t\t\t<\/div>\n\t\t<\/div>\n\t\t\t\t\t<\/div>\n\t\t<\/section>\n\t\t\t\t<section class=\"elementor-section elementor-top-section elementor-element elementor-element-f5287c0 elementor-section-boxed elementor-section-height-default elementor-section-height-default\" data-id=\"f5287c0\" data-element_type=\"section\" data-e-type=\"section\">\n\t\t\t\t\t\t<div class=\"elementor-container elementor-column-gap-default\">\n\t\t\t\t\t<div class=\"elementor-column elementor-col-33 elementor-top-column elementor-element elementor-element-6aee39e\" data-id=\"6aee39e\" data-element_type=\"column\" data-e-type=\"column\">\n\t\t\t<div class=\"elementor-widget-wrap elementor-element-populated\">\n\t\t\t\t\t\t<div class=\"elementor-element elementor-element-7be81b5 elementor-alert-info elementor-widget elementor-widget-alert\" data-id=\"7be81b5\" data-element_type=\"widget\" data-e-type=\"widget\" data-widget_type=\"alert.default\">\n\t\t\t\t<div class=\"elementor-widget-container\">\n\t\t\t\t\t\t\t<div class=\"elementor-alert\" role=\"alert\">\n\n\t\t\t\t\t\t<span class=\"elementor-alert-title\">TESORERO<\/span>\n\t\t\t\n\t\t\t\t\t\t<span class=\"elementor-alert-description\">Juan Carlos Rodr\u00edguez Granda<br><b>jgranda@contraloria.gob.ec<\/b><\/span>\n\t\t\t\n\t\t\t\n\t\t<\/div>\n\t\t\t\t\t\t<\/div>\n\t\t\t\t<\/div>\n\t\t\t\t\t<\/div>\n\t\t<\/div>\n\t\t\t\t<div class=\"elementor-column elementor-col-33 elementor-top-column elementor-element elementor-element-4583b8b\" data-id=\"4583b8b\" data-element_type=\"column\" data-e-type=\"column\">\n\t\t\t<div class=\"elementor-widget-wrap elementor-element-populated\">\n\t\t\t\t\t\t<div class=\"elementor-element elementor-element-abfef92 elementor-alert-info elementor-widget elementor-widget-alert\" data-id=\"abfef92\" data-element_type=\"widget\" data-e-type=\"widget\" data-widget_type=\"alert.default\">\n\t\t\t\t<div class=\"elementor-widget-container\">\n\t\t\t\t\t\t\t<div class=\"elementor-alert\" role=\"alert\">\n\n\t\t\t\t\t\t<span class=\"elementor-alert-title\">S\u00cdNDICA<\/span>\n\t\t\t\n\t\t\t\n\t\t\t\n\t\t<\/div>\n\t\t\t\t\t\t<\/div>\n\t\t\t\t<\/div>\n\t\t\t\t\t<\/div>\n\t\t<\/div>\n\t\t\t\t<div class=\"elementor-column elementor-col-33 elementor-top-column elementor-element elementor-element-4adca2f\" data-id=\"4adca2f\" data-element_type=\"column\" data-e-type=\"column\">\n\t\t\t<div class=\"elementor-widget-wrap elementor-element-populated\">\n\t\t\t\t\t\t<div class=\"elementor-element elementor-element-4a8c980 elementor-alert-info elementor-widget elementor-widget-alert\" data-id=\"4a8c980\" data-element_type=\"widget\" data-e-type=\"widget\" data-widget_type=\"alert.default\">\n\t\t\t\t<div class=\"elementor-widget-container\">\n\t\t\t\t\t\t\t<div class=\"elementor-alert\" role=\"alert\">\n\n\t\t\t\t\t\t<span class=\"elementor-alert-title\">SECRETARIA<\/span>\n\t\t\t\n\t\t\t\t\t\t<span class=\"elementor-alert-description\">Gabriela Endara Jim\u00e9nez<br><b>gmendara@contraloria.gob.ec<\/b>\n<\/span>\n\t\t\t\n\t\t\t\n\t\t<\/div>\n\t\t\t\t\t\t<\/div>\n\t\t\t\t<\/div>\n\t\t\t\t\t<\/div>\n\t\t<\/div>\n\t\t\t\t\t<\/div>\n\t\t<\/section>\n\t\t\t\t<section class=\"elementor-section elementor-top-section elementor-element elementor-element-a558ed6 elementor-section-boxed elementor-section-height-default elementor-section-height-default\" data-id=\"a558ed6\" data-element_type=\"section\" data-e-type=\"section\">\n\t\t\t\t\t\t<div class=\"elementor-container elementor-column-gap-default\">\n\t\t\t\t\t<div class=\"elementor-column elementor-col-50 elementor-top-column elementor-element elementor-element-fff5078\" data-id=\"fff5078\" data-element_type=\"column\" data-e-type=\"column\">\n\t\t\t<div class=\"elementor-widget-wrap elementor-element-populated\">\n\t\t\t\t\t\t<div class=\"elementor-element elementor-element-972e0b8 elementor-alert-info elementor-widget elementor-widget-alert\" data-id=\"972e0b8\" data-element_type=\"widget\" data-e-type=\"widget\" data-widget_type=\"alert.default\">\n\t\t\t\t<div class=\"elementor-widget-container\">\n\t\t\t\t\t\t\t<div class=\"elementor-alert\" role=\"alert\">\n\n\t\t\t\t\t\t<span class=\"elementor-alert-title\">Vocales principales<\/span>\n\t\t\t\n\t\t\t\t\t\t<span class=\"elementor-alert-description\">Fabi\u00e1n Guamba Araque<br><b>fguamba@contraloria.gob.ec<\/b><br><br><span data-elementor-setting-key=\"alert_description\" data-pen-placeholder=\"Teclea aqu\u00ed...\">Darwin Bladimir Valdez Fern\u00e1ndez<br><b>dbvaldez@contraloria.gob.ec<\/b><\/span><br><br><span data-elementor-setting-key=\"alert_description\" data-pen-placeholder=\"Teclea aqu\u00ed...\">Franklin Mauricio Mart\u00ednez Reinoso<br><b>mmartinez@contraloria.gob.ec<\/b><\/span><br><br><span data-elementor-setting-key=\"alert_description\" data-pen-placeholder=\"Teclea aqu\u00ed...\">Irene Abigail Silva Herrera<br><b>isilva@contraloria.gob.ec<\/b><\/span><br><br><span data-elementor-setting-key=\"alert_description\" data-pen-placeholder=\"Teclea aqu\u00ed...\">Pedro Manuel Palacios Calder\u00f3n<br><b>ppalacios@contraloria.gob.ec<\/b><\/span><\/span>\n\t\t\t\n\t\t\t\n\t\t<\/div>\n\t\t\t\t\t\t<\/div>\n\t\t\t\t<\/div>\n\t\t\t\t\t<\/div>\n\t\t<\/div>\n\t\t\t\t<div class=\"elementor-column elementor-col-50 elementor-top-column elementor-element elementor-element-9082930\" data-id=\"9082930\" data-element_type=\"column\" data-e-type=\"column\">\n\t\t\t<div class=\"elementor-widget-wrap elementor-element-populated\">\n\t\t\t\t\t\t<div class=\"elementor-element elementor-element-1f5f522 elementor-alert-info elementor-widget elementor-widget-alert\" data-id=\"1f5f522\" data-element_type=\"widget\" data-e-type=\"widget\" data-widget_type=\"alert.default\">\n\t\t\t\t<div class=\"elementor-widget-container\">\n\t\t\t\t\t\t\t<div class=\"elementor-alert\" role=\"alert\">\n\n\t\t\t\t\t\t<span class=\"elementor-alert-title\">Vocales suplentes<\/span>\n\t\t\t\n\t\t\t\t\t\t<span class=\"elementor-alert-description\">Gustavo Adolfo Armijos Montenegro<br><b>garmijos@contraloria.gob.ec<\/b><br><br><span data-elementor-setting-key=\"alert_description\" data-pen-placeholder=\"Teclea aqu\u00ed...\">Jaime Crist\u00f3bal Sub\u00eda Guerra<br><b>jsubia@contraloria.gob.ec<\/b><\/span><br><br><span data-elementor-setting-key=\"alert_description\" data-pen-placeholder=\"Teclea aqu\u00ed...\">Diego Patricio Rodr\u00edguez Mej\u00eda<br><b>dprodriguez@contraloria.gob.ec<\/b><\/span><br><br><span data-elementor-setting-key=\"alert_description\" data-pen-placeholder=\"Teclea aqu\u00ed...\">G\u00e1lvez Garc\u00eda Karina Shorleny<br><b>sgalvez@contraloria.gob.ec<\/b><\/span><br><br><span data-elementor-setting-key=\"alert_description\" data-pen-placeholder=\"Teclea aqu\u00ed...\">Ca\u00f1izares Rivera Mar\u00eda de Lourdes<br><b>mcanizares@contraloria.gob.ec<\/b><\/span><\/span>\n\t\t\t\n\t\t\t\n\t\t<\/div>\n\t\t\t\t\t\t<\/div>\n\t\t\t\t<\/div>\n\t\t\t\t\t<\/div>\n\t\t<\/div>\n\t\t\t\t\t<\/div>\n\t\t<\/section>\n\t\t\t\t<\/div>\n\t\t","protected":false},"excerpt":{"rendered":"<p>El actual directorio de la Asociaci\u00f3n Nacional de Servidores P\u00fablicos de la Contralor\u00eda General del Estado, fue elegido por los socios en el proceso electoral desarrollado el 22 de abril de 2024 y estar\u00e1 en funciones durante el periodo 2024-2026. PRESIDENTE Pablo David S\u00e1nchez Guerrapresidencia@asocge.com VICE PRESIDENTA Karla Ver\u00f3nica Mej\u00eda Cholokmejia@contraloria.gob.ec TESORERO Juan Carlos Rodr\u00edguez [&hellip;]<\/p>\n","protected":false},"author":1,"featured_media":0,"parent":0,"menu_order":0,"comment_status":"closed","ping_status":"closed","template":"","meta":{"_monsterinsights_skip_tracking":false,"_monsterinsights_sitenote_active":false,"_monsterinsights_sitenote_note":"","_monsterinsights_sitenote_category":0,"ngg_post_thumbnail":0,"footnotes":""},"tags":[],"class_list":["post-56719","page","type-page","status-publish","hentry"],"aioseo_notices":[],"_links":{"self":[{"href":"https:\/\/www.asociacioncge.com\/index.php?rest_route=\/wp\/v2\/pages\/56719","targetHints":{"allow":["GET"]}}],"collection":[{"href":"https:\/\/www.asociacioncge.com\/index.php?rest_route=\/wp\/v2\/pages"}],"about":[{"href":"https:\/\/www.asociacioncge.com\/index.php?rest_route=\/wp\/v2\/types\/page"}],"author":[{"embeddable":true,"href":"https:\/\/www.asociacioncge.com\/index.php?rest_route=\/wp\/v2\/users\/1"}],"replies":[{"embeddable":true,"href":"https:\/\/www.asociacioncge.com\/index.php?rest_route=%2Fwp%2Fv2%2Fcomments&post=56719"}],"version-history":[{"count":107,"href":"https:\/\/www.asociacioncge.com\/index.php?rest_route=\/wp\/v2\/pages\/56719\/revisions"}],"predecessor-version":[{"id":70488,"href":"https:\/\/www.asociacioncge.com\/index.php?rest_route=\/wp\/v2\/pages\/56719\/revisions\/70488"}],"wp:attachment":[{"href":"https:\/\/www.asociacioncge.com\/index.php?rest_route=%2Fwp%2Fv2%2Fmedia&parent=56719"}],"wp:term":[{"taxonomy":"post_tag","embeddable":true,"href":"https:\/\/www.asociacioncge.com\/index.php?rest_route=%2Fwp%2Fv2%2Ftags&post=56719"}],"curies":[{"name":"wp","href":"https:\/\/api.w.org\/{rel}","templated":true}]}}