{"id":54411,"date":"2020-07-29T00:35:07","date_gmt":"2020-07-29T00:35:07","guid":{"rendered":"https:\/\/www.asociacioncge.com\/?page_id=54411"},"modified":"2023-03-01T17:03:09","modified_gmt":"2023-03-01T17:03:09","slug":"unir-espana","status":"publish","type":"page","link":"https:\/\/www.asociacioncge.com\/?page_id=54411","title":{"rendered":"UNIR &#8211; ESPA\u00d1A"},"content":{"rendered":"\t\t<div data-elementor-type=\"wp-page\" data-elementor-id=\"54411\" class=\"elementor elementor-54411\">\n\t\t\t\t\t\t<section class=\"elementor-section elementor-top-section elementor-element elementor-element-1298b8c elementor-section-boxed elementor-section-height-default elementor-section-height-default\" data-id=\"1298b8c\" data-element_type=\"section\" data-e-type=\"section\">\n\t\t\t\t\t\t<div class=\"elementor-container elementor-column-gap-default\">\n\t\t\t\t\t<div class=\"elementor-column elementor-col-50 elementor-top-column elementor-element elementor-element-a128d8e\" data-id=\"a128d8e\" data-element_type=\"column\" data-e-type=\"column\">\n\t\t\t<div class=\"elementor-widget-wrap elementor-element-populated\">\n\t\t\t\t\t\t<div class=\"elementor-element elementor-element-df017af elementor-widget elementor-widget-heading\" data-id=\"df017af\" data-element_type=\"widget\" data-e-type=\"widget\" data-widget_type=\"heading.default\">\n\t\t\t\t<div class=\"elementor-widget-container\">\n\t\t\t\t\t<span class=\"elementor-heading-title elementor-size-medium\">UNIVERSIDAD INTERNACIONAL DE LA RIOJA - ESPA\u00d1A<\/span>\t\t\t\t<\/div>\n\t\t\t\t<\/div>\n\t\t\t\t\t<\/div>\n\t\t<\/div>\n\t\t\t\t<div class=\"elementor-column elementor-col-50 elementor-top-column elementor-element elementor-element-f535d28\" data-id=\"f535d28\" data-element_type=\"column\" data-e-type=\"column\">\n\t\t\t<div class=\"elementor-widget-wrap elementor-element-populated\">\n\t\t\t\t\t\t<div class=\"elementor-element elementor-element-dd81a9d elementor-invisible elementor-widget elementor-widget-image\" data-id=\"dd81a9d\" data-element_type=\"widget\" data-e-type=\"widget\" data-settings=\"{&quot;_animation&quot;:&quot;rubberBand&quot;}\" data-widget_type=\"image.default\">\n\t\t\t\t<div class=\"elementor-widget-container\">\n\t\t\t\t\t\t\t\t\t\t\t\t\t\t\t<img decoding=\"async\" width=\"229\" height=\"62\" src=\"https:\/\/www.asociacioncge.com\/wp-content\/uploads\/2020\/07\/UNIR-LOGO.png\" class=\"attachment-large size-large wp-image-54415\" alt=\"\" \/>\t\t\t\t\t\t\t\t\t\t\t\t\t\t\t<\/div>\n\t\t\t\t<\/div>\n\t\t\t\t\t<\/div>\n\t\t<\/div>\n\t\t\t\t\t<\/div>\n\t\t<\/section>\n\t\t\t\t<section class=\"elementor-section elementor-top-section elementor-element elementor-element-6d6ba70 elementor-section-boxed elementor-section-height-default elementor-section-height-default\" data-id=\"6d6ba70\" data-element_type=\"section\" data-e-type=\"section\">\n\t\t\t\t\t\t<div class=\"elementor-container elementor-column-gap-default\">\n\t\t\t\t\t<div class=\"elementor-column elementor-col-100 elementor-top-column elementor-element elementor-element-db09805\" data-id=\"db09805\" data-element_type=\"column\" data-e-type=\"column\">\n\t\t\t<div class=\"elementor-widget-wrap elementor-element-populated\">\n\t\t\t\t\t\t<div class=\"elementor-element elementor-element-b2a2876 elementor-widget elementor-widget-text-editor\" data-id=\"b2a2876\" data-element_type=\"widget\" data-e-type=\"widget\" data-widget_type=\"text-editor.default\">\n\t\t\t\t<div class=\"elementor-widget-container\">\n\t\t\t\t\t\t\t\t\t<h5 style=\"text-align: justify;\"><span style=\"color: #808080;\">Hasta el 50% de descuento en estudios de pregrado, posgrado y formaci\u00f3n continua, beneficio que tambi\u00e9n puede ser otorgado a familiares de los socios hasta el segundo grado de consanguinidad.<br \/><\/span><\/h5>\t\t\t\t\t\t\t\t<\/div>\n\t\t\t\t<\/div>\n\t\t\t\t\t<\/div>\n\t\t<\/div>\n\t\t\t\t\t<\/div>\n\t\t<\/section>\n\t\t\t\t<section class=\"elementor-section elementor-top-section elementor-element elementor-element-6cd741d elementor-section-boxed elementor-section-height-default elementor-section-height-default\" data-id=\"6cd741d\" data-element_type=\"section\" data-e-type=\"section\">\n\t\t\t\t\t\t<div class=\"elementor-container elementor-column-gap-default\">\n\t\t\t\t\t<div class=\"elementor-column elementor-col-100 elementor-top-column elementor-element elementor-element-0db5e3f\" data-id=\"0db5e3f\" data-element_type=\"column\" data-e-type=\"column\">\n\t\t\t<div class=\"elementor-widget-wrap elementor-element-populated\">\n\t\t\t\t\t\t<div class=\"elementor-element elementor-element-210d394 elementor-widget elementor-widget-image\" data-id=\"210d394\" data-element_type=\"widget\" data-e-type=\"widget\" data-widget_type=\"image.default\">\n\t\t\t\t<div class=\"elementor-widget-container\">\n\t\t\t\t\t\t\t\t\t\t\t\t\t\t\t<img decoding=\"async\" width=\"300\" height=\"144\" src=\"https:\/\/www.asociacioncge.com\/wp-content\/uploads\/2023\/02\/info-unir-1-300x144.png\" class=\"attachment-medium size-medium wp-image-62162\" alt=\"\" srcset=\"https:\/\/www.asociacioncge.com\/wp-content\/uploads\/2023\/02\/info-unir-1-300x144.png 300w, https:\/\/www.asociacioncge.com\/wp-content\/uploads\/2023\/02\/info-unir-1-600x289.png 600w, https:\/\/www.asociacioncge.com\/wp-content\/uploads\/2023\/02\/info-unir-1.png 611w\" sizes=\"(max-width: 300px) 100vw, 300px\" \/>\t\t\t\t\t\t\t\t\t\t\t\t\t\t\t<\/div>\n\t\t\t\t<\/div>\n\t\t\t\t<div class=\"elementor-element elementor-element-169bb58 elementor-widget elementor-widget-text-editor\" data-id=\"169bb58\" data-element_type=\"widget\" data-e-type=\"widget\" data-widget_type=\"text-editor.default\">\n\t\t\t\t<div class=\"elementor-widget-container\">\n\t\t\t\t\t\t\t\t\t<h3 style=\"text-align: center;\"><span style=\"color: #000000;\"><a style=\"color: #000000;\" href=\"https:\/\/estudiar.unir.net\/ec\/ec-gen-dcto-gene-condiciones-especiales-contraloria-general-estado\/?utm_source=colectivos&amp;utm_medium=off&amp;utm_content=pdf&amp;utm_campaign=colectivosunireu_espdfconvenio_Contraloria_off\" target=\"_blank\" rel=\"noopener\">M\u00e1s informaci\u00f3n aqu\u00ed<\/a><\/span><\/h3>\t\t\t\t\t\t\t\t<\/div>\n\t\t\t\t<\/div>\n\t\t\t\t\t<\/div>\n\t\t<\/div>\n\t\t\t\t\t<\/div>\n\t\t<\/section>\n\t\t\t\t<section class=\"elementor-section elementor-top-section elementor-element elementor-element-f2fbe05 elementor-section-boxed elementor-section-height-default elementor-section-height-default\" data-id=\"f2fbe05\" data-element_type=\"section\" data-e-type=\"section\">\n\t\t\t\t\t\t<div class=\"elementor-container elementor-column-gap-default\">\n\t\t\t\t\t<div class=\"elementor-column elementor-col-50 elementor-top-column elementor-element elementor-element-f0c78c7\" data-id=\"f0c78c7\" data-element_type=\"column\" data-e-type=\"column\">\n\t\t\t<div class=\"elementor-widget-wrap elementor-element-populated\">\n\t\t\t\t\t\t<div class=\"elementor-element elementor-element-067ae08 animated-slow elementor-invisible elementor-widget elementor-widget-heading\" data-id=\"067ae08\" data-element_type=\"widget\" data-e-type=\"widget\" data-settings=\"{&quot;_animation&quot;:&quot;fadeIn&quot;}\" data-widget_type=\"heading.default\">\n\t\t\t\t<div class=\"elementor-widget-container\">\n\t\t\t\t\t<h2 class=\"elementor-heading-title elementor-size-default\">GRADO<\/h2>\t\t\t\t<\/div>\n\t\t\t\t<\/div>\n\t\t\t\t<div class=\"elementor-element elementor-element-7a053cd elementor-widget elementor-widget-image\" data-id=\"7a053cd\" data-element_type=\"widget\" data-e-type=\"widget\" data-widget_type=\"image.default\">\n\t\t\t\t<div class=\"elementor-widget-container\">\n\t\t\t\t\t\t\t\t\t\t\t\t\t\t\t\t<a href=\"https:\/\/www.asociacioncge.com\/wp-content\/uploads\/2020\/07\/GRADOS.png\" data-elementor-open-lightbox=\"yes\" data-elementor-lightbox-title=\"GRADOS\" data-e-action-hash=\"#elementor-action%3Aaction%3Dlightbox%26settings%3DeyJpZCI6NTQ0MTIsInVybCI6Imh0dHBzOlwvXC93d3cuYXNvY2lhY2lvbmNnZS5jb21cL3dwLWNvbnRlbnRcL3VwbG9hZHNcLzIwMjBcLzA3XC9HUkFET1MucG5nIn0%3D\">\n\t\t\t\t\t\t\t<img fetchpriority=\"high\" decoding=\"async\" width=\"724\" height=\"1024\" src=\"https:\/\/www.asociacioncge.com\/wp-content\/uploads\/2020\/07\/GRADOS-724x1024.png\" class=\"attachment-large size-large wp-image-54412\" alt=\"\" srcset=\"https:\/\/www.asociacioncge.com\/wp-content\/uploads\/2020\/07\/GRADOS-724x1024.png 724w, https:\/\/www.asociacioncge.com\/wp-content\/uploads\/2020\/07\/GRADOS-600x848.png 600w, https:\/\/www.asociacioncge.com\/wp-content\/uploads\/2020\/07\/GRADOS-212x300.png 212w, https:\/\/www.asociacioncge.com\/wp-content\/uploads\/2020\/07\/GRADOS-768x1086.png 768w, https:\/\/www.asociacioncge.com\/wp-content\/uploads\/2020\/07\/GRADOS-1086x1536.png 1086w, https:\/\/www.asociacioncge.com\/wp-content\/uploads\/2020\/07\/GRADOS-1448x2048.png 1448w, https:\/\/www.asociacioncge.com\/wp-content\/uploads\/2020\/07\/GRADOS.png 1654w\" sizes=\"(max-width: 724px) 100vw, 724px\" \/>\t\t\t\t\t\t\t\t<\/a>\n\t\t\t\t\t\t\t\t\t\t\t\t\t\t\t<\/div>\n\t\t\t\t<\/div>\n\t\t\t\t\t<\/div>\n\t\t<\/div>\n\t\t\t\t<div class=\"elementor-column elementor-col-50 elementor-top-column elementor-element elementor-element-b6c7188\" data-id=\"b6c7188\" data-element_type=\"column\" data-e-type=\"column\">\n\t\t\t<div class=\"elementor-widget-wrap elementor-element-populated\">\n\t\t\t\t\t\t<div class=\"elementor-element elementor-element-9b9856b animated-slow elementor-invisible elementor-widget elementor-widget-heading\" data-id=\"9b9856b\" data-element_type=\"widget\" data-e-type=\"widget\" data-settings=\"{&quot;_animation&quot;:&quot;fadeIn&quot;}\" data-widget_type=\"heading.default\">\n\t\t\t\t<div class=\"elementor-widget-container\">\n\t\t\t\t\t<h2 class=\"elementor-heading-title elementor-size-default\">MAESTR\u00cdAS<\/h2>\t\t\t\t<\/div>\n\t\t\t\t<\/div>\n\t\t\t\t<div class=\"elementor-element elementor-element-4fad27d elementor-widget elementor-widget-image\" data-id=\"4fad27d\" data-element_type=\"widget\" data-e-type=\"widget\" data-widget_type=\"image.default\">\n\t\t\t\t<div class=\"elementor-widget-container\">\n\t\t\t\t\t\t\t\t\t\t\t\t\t\t\t\t<a href=\"https:\/\/www.asociacioncge.com\/wp-content\/uploads\/2020\/07\/POSGRADOS.png\" data-elementor-open-lightbox=\"yes\" data-elementor-lightbox-title=\"POSGRADOS\" data-e-action-hash=\"#elementor-action%3Aaction%3Dlightbox%26settings%3DeyJpZCI6NTQ0MTMsInVybCI6Imh0dHBzOlwvXC93d3cuYXNvY2lhY2lvbmNnZS5jb21cL3dwLWNvbnRlbnRcL3VwbG9hZHNcLzIwMjBcLzA3XC9QT1NHUkFET1MucG5nIn0%3D\">\n\t\t\t\t\t\t\t<img loading=\"lazy\" decoding=\"async\" width=\"724\" height=\"1024\" src=\"https:\/\/www.asociacioncge.com\/wp-content\/uploads\/2020\/07\/POSGRADOS-724x1024.png\" class=\"attachment-large size-large wp-image-54413\" alt=\"\" srcset=\"https:\/\/www.asociacioncge.com\/wp-content\/uploads\/2020\/07\/POSGRADOS-724x1024.png 724w, https:\/\/www.asociacioncge.com\/wp-content\/uploads\/2020\/07\/POSGRADOS-600x848.png 600w, https:\/\/www.asociacioncge.com\/wp-content\/uploads\/2020\/07\/POSGRADOS-212x300.png 212w, https:\/\/www.asociacioncge.com\/wp-content\/uploads\/2020\/07\/POSGRADOS-768x1086.png 768w, https:\/\/www.asociacioncge.com\/wp-content\/uploads\/2020\/07\/POSGRADOS-1086x1536.png 1086w, https:\/\/www.asociacioncge.com\/wp-content\/uploads\/2020\/07\/POSGRADOS-1448x2048.png 1448w, https:\/\/www.asociacioncge.com\/wp-content\/uploads\/2020\/07\/POSGRADOS.png 1654w\" sizes=\"(max-width: 724px) 100vw, 724px\" \/>\t\t\t\t\t\t\t\t<\/a>\n\t\t\t\t\t\t\t\t\t\t\t\t\t\t\t<\/div>\n\t\t\t\t<\/div>\n\t\t\t\t\t<\/div>\n\t\t<\/div>\n\t\t\t\t\t<\/div>\n\t\t<\/section>\n\t\t\t\t<section class=\"elementor-section elementor-top-section elementor-element elementor-element-ab577ef elementor-section-boxed elementor-section-height-default elementor-section-height-default\" data-id=\"ab577ef\" data-element_type=\"section\" data-e-type=\"section\">\n\t\t\t\t\t\t<div class=\"elementor-container elementor-column-gap-default\">\n\t\t\t\t\t<div class=\"elementor-column elementor-col-100 elementor-top-column elementor-element elementor-element-e7959e2\" data-id=\"e7959e2\" data-element_type=\"column\" data-e-type=\"column\">\n\t\t\t<div class=\"elementor-widget-wrap elementor-element-populated\">\n\t\t\t\t\t\t<div class=\"elementor-element elementor-element-bf1594a animated-slow elementor-invisible elementor-widget elementor-widget-heading\" data-id=\"bf1594a\" data-element_type=\"widget\" data-e-type=\"widget\" data-settings=\"{&quot;_animation&quot;:&quot;fadeIn&quot;}\" data-widget_type=\"heading.default\">\n\t\t\t\t<div class=\"elementor-widget-container\">\n\t\t\t\t\t<h2 class=\"elementor-heading-title elementor-size-large\">REQUISITO: CERTIFICADO DE AFILIACI\u00d3N<\/h2>\t\t\t\t<\/div>\n\t\t\t\t<\/div>\n\t\t\t\t\t<\/div>\n\t\t<\/div>\n\t\t\t\t\t<\/div>\n\t\t<\/section>\n\t\t\t\t<section class=\"elementor-section elementor-top-section elementor-element elementor-element-279f9ee elementor-section-boxed elementor-section-height-default elementor-section-height-default\" data-id=\"279f9ee\" data-element_type=\"section\" data-e-type=\"section\">\n\t\t\t\t\t\t<div class=\"elementor-container elementor-column-gap-default\">\n\t\t\t\t\t<div class=\"elementor-column elementor-col-100 elementor-top-column elementor-element elementor-element-844ad58\" data-id=\"844ad58\" data-element_type=\"column\" data-e-type=\"column\">\n\t\t\t<div class=\"elementor-widget-wrap elementor-element-populated\">\n\t\t\t\t\t\t<div class=\"elementor-element elementor-element-dd1f5e3 elementor-widget elementor-widget-text-editor\" data-id=\"dd1f5e3\" data-element_type=\"widget\" data-e-type=\"widget\" data-widget_type=\"text-editor.default\">\n\t\t\t\t<div class=\"elementor-widget-container\">\n\t\t\t\t\t\t\t\t\t<h5 style=\"text-align: justify;\"><span style=\"color: #808080;\">Una vez hayas coordinado el proceso de admisi\u00f3n con la Universidad y para completar la documentaci\u00f3n necesaria para la matr\u00edcula, se deber\u00e1 entregar un certificado de afiliaci\u00f3n a la Asociaci\u00f3n.<\/span><\/h5><h5 style=\"text-align: justify;\"><span style=\"color: #808080;\">El certificado puede ser solicitado<strong> mediante correo electr\u00f3nico <a href=\"mailto:info@asocge.com\" target=\"_blank\" rel=\"noopener\">info@asocge.com<\/a> o a nuestro WhatsApp 0984606524.<\/strong><\/span><\/h5>\t\t\t\t\t\t\t\t<\/div>\n\t\t\t\t<\/div>\n\t\t\t\t\t<\/div>\n\t\t<\/div>\n\t\t\t\t\t<\/div>\n\t\t<\/section>\n\t\t\t\t<\/div>\n\t\t","protected":false},"excerpt":{"rendered":"<p>UNIVERSIDAD INTERNACIONAL DE LA RIOJA &#8211; ESPA\u00d1A Hasta el 50% de descuento en estudios de pregrado, posgrado y formaci\u00f3n continua, beneficio que tambi\u00e9n puede ser otorgado a familiares de los socios hasta el segundo grado de consanguinidad. M\u00e1s informaci\u00f3n aqu\u00ed GRADO MAESTR\u00cdAS REQUISITO: CERTIFICADO DE AFILIACI\u00d3N Una vez hayas coordinado el proceso de admisi\u00f3n con [&hellip;]<\/p>\n","protected":false},"author":1,"featured_media":0,"parent":0,"menu_order":0,"comment_status":"closed","ping_status":"closed","template":"","meta":{"_monsterinsights_skip_tracking":false,"_monsterinsights_sitenote_active":false,"_monsterinsights_sitenote_note":"","_monsterinsights_sitenote_category":0,"ngg_post_thumbnail":0,"footnotes":""},"tags":[],"class_list":["post-54411","page","type-page","status-publish","hentry"],"aioseo_notices":[],"_links":{"self":[{"href":"https:\/\/www.asociacioncge.com\/index.php?rest_route=\/wp\/v2\/pages\/54411","targetHints":{"allow":["GET"]}}],"collection":[{"href":"https:\/\/www.asociacioncge.com\/index.php?rest_route=\/wp\/v2\/pages"}],"about":[{"href":"https:\/\/www.asociacioncge.com\/index.php?rest_route=\/wp\/v2\/types\/page"}],"author":[{"embeddable":true,"href":"https:\/\/www.asociacioncge.com\/index.php?rest_route=\/wp\/v2\/users\/1"}],"replies":[{"embeddable":true,"href":"https:\/\/www.asociacioncge.com\/index.php?rest_route=%2Fwp%2Fv2%2Fcomments&post=54411"}],"version-history":[{"count":74,"href":"https:\/\/www.asociacioncge.com\/index.php?rest_route=\/wp\/v2\/pages\/54411\/revisions"}],"predecessor-version":[{"id":62538,"href":"https:\/\/www.asociacioncge.com\/index.php?rest_route=\/wp\/v2\/pages\/54411\/revisions\/62538"}],"wp:attachment":[{"href":"https:\/\/www.asociacioncge.com\/index.php?rest_route=%2Fwp%2Fv2%2Fmedia&parent=54411"}],"wp:term":[{"taxonomy":"post_tag","embeddable":true,"href":"https:\/\/www.asociacioncge.com\/index.php?rest_route=%2Fwp%2Fv2%2Ftags&post=54411"}],"curies":[{"name":"wp","href":"https:\/\/api.w.org\/{rel}","templated":true}]}}