{"id":4276,"date":"2018-03-05T00:11:31","date_gmt":"2018-03-05T00:11:31","guid":{"rendered":"http:\/\/www.asociacioncge.com\/?page_id=4276"},"modified":"2026-04-06T17:03:58","modified_gmt":"2026-04-06T17:03:58","slug":"login","status":"publish","type":"page","link":"https:\/\/www.asociacioncge.com\/","title":{"rendered":"Acceder"},"content":{"rendered":"\t\t<div data-elementor-type=\"wp-page\" data-elementor-id=\"4276\" class=\"elementor elementor-4276\">\n\t\t\t\t\t\t<section class=\"elementor-section elementor-top-section elementor-element elementor-element-5a5ab18 elementor-section-boxed elementor-section-height-default elementor-section-height-default\" data-id=\"5a5ab18\" data-element_type=\"section\" data-e-type=\"section\">\n\t\t\t\t\t\t<div class=\"elementor-container elementor-column-gap-default\">\n\t\t\t\t\t<div class=\"elementor-column elementor-col-100 elementor-top-column elementor-element elementor-element-c887a33\" data-id=\"c887a33\" data-element_type=\"column\" data-e-type=\"column\">\n\t\t\t<div class=\"elementor-widget-wrap elementor-element-populated\">\n\t\t\t\t\t\t<div class=\"elementor-element elementor-element-350422f elementor-button-info elementor-align-center elementor-widget elementor-widget-button\" data-id=\"350422f\" data-element_type=\"widget\" data-e-type=\"widget\" data-widget_type=\"button.default\">\n\t\t\t\t<div class=\"elementor-widget-container\">\n\t\t\t\t\t\t\t\t\t<div class=\"elementor-button-wrapper\">\n\t\t\t\t\t<a class=\"elementor-button elementor-button-link elementor-size-sm\" href=\"https:\/\/www.asociacioncge.com\/wp-content\/uploads\/2026\/01\/REGLAMENTO-DE-ELECCIONES-2026-final-1-signed-signed.pdf\" target=\"_blank\">\n\t\t\t\t\t\t<span class=\"elementor-button-content-wrapper\">\n\t\t\t\t\t\t\t\t\t<span class=\"elementor-button-text\">REGLAMENTO DE ELECCIONES - DESCARGA<\/span>\n\t\t\t\t\t<\/span>\n\t\t\t\t\t<\/a>\n\t\t\t\t<\/div>\n\t\t\t\t\t\t\t\t<\/div>\n\t\t\t\t<\/div>\n\t\t\t\t\t<\/div>\n\t\t<\/div>\n\t\t\t\t\t<\/div>\n\t\t<\/section>\n\t\t\t\t<section class=\"elementor-section elementor-top-section elementor-element elementor-element-919b3a0 elementor-section-boxed elementor-section-height-default elementor-section-height-default\" data-id=\"919b3a0\" data-element_type=\"section\" data-e-type=\"section\">\n\t\t\t\t\t\t<div class=\"elementor-container elementor-column-gap-default\">\n\t\t\t\t\t<div class=\"elementor-column elementor-col-50 elementor-top-column elementor-element elementor-element-bbc5428\" data-id=\"bbc5428\" data-element_type=\"column\" data-e-type=\"column\">\n\t\t\t<div class=\"elementor-widget-wrap elementor-element-populated\">\n\t\t\t\t\t\t<div class=\"elementor-element elementor-element-e3c2455 elementor-widget elementor-widget-image\" data-id=\"e3c2455\" data-element_type=\"widget\" data-e-type=\"widget\" data-widget_type=\"image.default\">\n\t\t\t\t<div class=\"elementor-widget-container\">\n\t\t\t\t\t\t\t\t\t\t\t\t\t\t\t<img fetchpriority=\"high\" decoding=\"async\" width=\"724\" height=\"1024\" src=\"https:\/\/www.asociacioncge.com\/wp-content\/uploads\/2026\/04\/COMUNICADO-INAUGURACION-TENA-2026-724x1024.png\" class=\"attachment-large size-large wp-image-71373\" alt=\"\" srcset=\"https:\/\/www.asociacioncge.com\/wp-content\/uploads\/2026\/04\/COMUNICADO-INAUGURACION-TENA-2026-724x1024.png 724w, https:\/\/www.asociacioncge.com\/wp-content\/uploads\/2026\/04\/COMUNICADO-INAUGURACION-TENA-2026-212x300.png 212w, https:\/\/www.asociacioncge.com\/wp-content\/uploads\/2026\/04\/COMUNICADO-INAUGURACION-TENA-2026-768x1086.png 768w, https:\/\/www.asociacioncge.com\/wp-content\/uploads\/2026\/04\/COMUNICADO-INAUGURACION-TENA-2026-1086x1536.png 1086w, https:\/\/www.asociacioncge.com\/wp-content\/uploads\/2026\/04\/COMUNICADO-INAUGURACION-TENA-2026-1448x2048.png 1448w, https:\/\/www.asociacioncge.com\/wp-content\/uploads\/2026\/04\/COMUNICADO-INAUGURACION-TENA-2026-600x849.png 600w\" sizes=\"(max-width: 724px) 100vw, 724px\" \/>\t\t\t\t\t\t\t\t\t\t\t\t\t\t\t<\/div>\n\t\t\t\t<\/div>\n\t\t\t\t\t<\/div>\n\t\t<\/div>\n\t\t\t\t<div class=\"elementor-column elementor-col-50 elementor-top-column elementor-element elementor-element-39749db\" data-id=\"39749db\" data-element_type=\"column\" data-e-type=\"column\">\n\t\t\t<div class=\"elementor-widget-wrap elementor-element-populated\">\n\t\t\t\t\t\t<div class=\"elementor-element elementor-element-c28af7d elementor-widget elementor-widget-image\" data-id=\"c28af7d\" data-element_type=\"widget\" data-e-type=\"widget\" data-widget_type=\"image.default\">\n\t\t\t\t<div class=\"elementor-widget-container\">\n\t\t\t\t\t\t\t\t\t\t\t\t\t\t\t\t<a href=\"https:\/\/www.asociacioncge.com\/?page_id=41\">\n\t\t\t\t\t\t\t<img decoding=\"async\" width=\"756\" height=\"416\" src=\"https:\/\/www.asociacioncge.com\/wp-content\/uploads\/2026\/02\/COMUNICATE-CON-NOSOTROS-ACCESO-DIRECTO.png\" class=\"attachment-large size-large wp-image-71141\" alt=\"\" srcset=\"https:\/\/www.asociacioncge.com\/wp-content\/uploads\/2026\/02\/COMUNICATE-CON-NOSOTROS-ACCESO-DIRECTO.png 756w, https:\/\/www.asociacioncge.com\/wp-content\/uploads\/2026\/02\/COMUNICATE-CON-NOSOTROS-ACCESO-DIRECTO-300x165.png 300w, https:\/\/www.asociacioncge.com\/wp-content\/uploads\/2026\/02\/COMUNICATE-CON-NOSOTROS-ACCESO-DIRECTO-600x330.png 600w\" sizes=\"(max-width: 756px) 100vw, 756px\" \/>\t\t\t\t\t\t\t\t<\/a>\n\t\t\t\t\t\t\t\t\t\t\t\t\t\t\t<\/div>\n\t\t\t\t<\/div>\n\t\t\t\t<div class=\"elementor-element elementor-element-54864f3 elementor-widget elementor-widget-image\" data-id=\"54864f3\" data-element_type=\"widget\" data-e-type=\"widget\" data-widget_type=\"image.default\">\n\t\t\t\t<div class=\"elementor-widget-container\">\n\t\t\t\t\t\t\t\t\t\t\t\t<figure class=\"wp-caption\">\n\t\t\t\t\t\t\t\t\t\t\t<a href=\"https:\/\/www.asociacioncge.com\/wp-content\/uploads\/2026\/03\/WhatsApp-Image-2026-03-26-at-12.26.24-PM.jpeg\" data-elementor-open-lightbox=\"yes\" data-elementor-lightbox-title=\"WhatsApp Image 2026-03-26 at 12.26.24 PM\" data-e-action-hash=\"#elementor-action%3Aaction%3Dlightbox%26settings%3DeyJpZCI6NzEzNTUsInVybCI6Imh0dHBzOlwvXC93d3cuYXNvY2lhY2lvbmNnZS5jb21cL3dwLWNvbnRlbnRcL3VwbG9hZHNcLzIwMjZcLzAzXC9XaGF0c0FwcC1JbWFnZS0yMDI2LTAzLTI2LWF0LTEyLjI2LjI0LVBNLmpwZWcifQ%3D%3D\">\n\t\t\t\t\t\t\t<img decoding=\"async\" width=\"870\" height=\"588\" src=\"https:\/\/www.asociacioncge.com\/wp-content\/uploads\/2026\/03\/WhatsApp-Image-2026-03-26-at-12.26.24-PM-1024x692.jpeg\" class=\"attachment-large size-large wp-image-71355\" alt=\"\" srcset=\"https:\/\/www.asociacioncge.com\/wp-content\/uploads\/2026\/03\/WhatsApp-Image-2026-03-26-at-12.26.24-PM-1024x692.jpeg 1024w, https:\/\/www.asociacioncge.com\/wp-content\/uploads\/2026\/03\/WhatsApp-Image-2026-03-26-at-12.26.24-PM-300x203.jpeg 300w, https:\/\/www.asociacioncge.com\/wp-content\/uploads\/2026\/03\/WhatsApp-Image-2026-03-26-at-12.26.24-PM-768x519.jpeg 768w, https:\/\/www.asociacioncge.com\/wp-content\/uploads\/2026\/03\/WhatsApp-Image-2026-03-26-at-12.26.24-PM-600x405.jpeg 600w, https:\/\/www.asociacioncge.com\/wp-content\/uploads\/2026\/03\/WhatsApp-Image-2026-03-26-at-12.26.24-PM.jpeg 1500w\" sizes=\"(max-width: 870px) 100vw, 870px\" \/>\t\t\t\t\t\t\t\t<\/a>\n\t\t\t\t\t\t\t\t\t\t\t<figcaption class=\"widget-image-caption wp-caption-text\">Informaci\u00f3n importante para socios que son parte del seguro de salud de la Asociaci\u00f3n en convenio con la compa\u00f1\u00eda PRIVILEGIO<\/figcaption>\n\t\t\t\t\t\t\t\t\t\t<\/figure>\n\t\t\t\t\t\t\t\t\t<\/div>\n\t\t\t\t<\/div>\n\t\t\t\t<div class=\"elementor-element elementor-element-97547f1 elementor-widget elementor-widget-image\" data-id=\"97547f1\" data-element_type=\"widget\" data-e-type=\"widget\" data-widget_type=\"image.default\">\n\t\t\t\t<div class=\"elementor-widget-container\">\n\t\t\t\t\t\t\t\t\t\t\t\t<figure class=\"wp-caption\">\n\t\t\t\t\t\t\t\t\t\t\t<a href=\"https:\/\/www.asociacioncge.com\/wp-content\/uploads\/2026\/03\/COMUNICADO-RENOVACION-SEGURO-2026-2027.png\" data-elementor-open-lightbox=\"yes\" data-elementor-lightbox-title=\"COMUNICADO RENOVACI\u00d3N SEGURO 2026 - 2027\" data-e-action-hash=\"#elementor-action%3Aaction%3Dlightbox%26settings%3DeyJpZCI6NzEyNjMsInVybCI6Imh0dHBzOlwvXC93d3cuYXNvY2lhY2lvbmNnZS5jb21cL3dwLWNvbnRlbnRcL3VwbG9hZHNcLzIwMjZcLzAzXC9DT01VTklDQURPLVJFTk9WQUNJT04tU0VHVVJPLTIwMjYtMjAyNy5wbmcifQ%3D%3D\">\n\t\t\t\t\t\t\t<img loading=\"lazy\" decoding=\"async\" width=\"563\" height=\"1024\" src=\"https:\/\/www.asociacioncge.com\/wp-content\/uploads\/2026\/03\/COMUNICADO-RENOVACION-SEGURO-2026-2027-563x1024.png\" class=\"attachment-large size-large wp-image-71263\" alt=\"\" srcset=\"https:\/\/www.asociacioncge.com\/wp-content\/uploads\/2026\/03\/COMUNICADO-RENOVACION-SEGURO-2026-2027-563x1024.png 563w, https:\/\/www.asociacioncge.com\/wp-content\/uploads\/2026\/03\/COMUNICADO-RENOVACION-SEGURO-2026-2027-165x300.png 165w, https:\/\/www.asociacioncge.com\/wp-content\/uploads\/2026\/03\/COMUNICADO-RENOVACION-SEGURO-2026-2027-768x1398.png 768w, https:\/\/www.asociacioncge.com\/wp-content\/uploads\/2026\/03\/COMUNICADO-RENOVACION-SEGURO-2026-2027-844x1536.png 844w, https:\/\/www.asociacioncge.com\/wp-content\/uploads\/2026\/03\/COMUNICADO-RENOVACION-SEGURO-2026-2027-1125x2048.png 1125w, https:\/\/www.asociacioncge.com\/wp-content\/uploads\/2026\/03\/COMUNICADO-RENOVACION-SEGURO-2026-2027-600x1092.png 600w, https:\/\/www.asociacioncge.com\/wp-content\/uploads\/2026\/03\/COMUNICADO-RENOVACION-SEGURO-2026-2027.png 1748w\" sizes=\"(max-width: 563px) 100vw, 563px\" \/>\t\t\t\t\t\t\t\t<\/a>\n\t\t\t\t\t\t\t\t\t\t\t<figcaption class=\"widget-image-caption wp-caption-text\"><\/figcaption>\n\t\t\t\t\t\t\t\t\t\t<\/figure>\n\t\t\t\t\t\t\t\t\t<\/div>\n\t\t\t\t<\/div>\n\t\t\t\t\t<\/div>\n\t\t<\/div>\n\t\t\t\t\t<\/div>\n\t\t<\/section>\n\t\t\t\t<\/div>\n\t\t","protected":false},"excerpt":{"rendered":"<p>REGLAMENTO DE ELECCIONES &#8211; DESCARGA Informaci\u00f3n importante para socios que son parte del seguro de salud de la Asociaci\u00f3n en convenio con la compa\u00f1\u00eda PRIVILEGIO<\/p>\n","protected":false},"author":1,"featured_media":0,"parent":0,"menu_order":0,"comment_status":"closed","ping_status":"closed","template":"","meta":{"_monsterinsights_skip_tracking":false,"_monsterinsights_sitenote_active":false,"_monsterinsights_sitenote_note":"","_monsterinsights_sitenote_category":0,"ngg_post_thumbnail":0,"footnotes":""},"tags":[],"class_list":["post-4276","page","type-page","status-publish","hentry"],"aioseo_notices":[],"_links":{"self":[{"href":"https:\/\/www.asociacioncge.com\/index.php?rest_route=\/wp\/v2\/pages\/4276","targetHints":{"allow":["GET"]}}],"collection":[{"href":"https:\/\/www.asociacioncge.com\/index.php?rest_route=\/wp\/v2\/pages"}],"about":[{"href":"https:\/\/www.asociacioncge.com\/index.php?rest_route=\/wp\/v2\/types\/page"}],"author":[{"embeddable":true,"href":"https:\/\/www.asociacioncge.com\/index.php?rest_route=\/wp\/v2\/users\/1"}],"replies":[{"embeddable":true,"href":"https:\/\/www.asociacioncge.com\/index.php?rest_route=%2Fwp%2Fv2%2Fcomments&post=4276"}],"version-history":[{"count":2397,"href":"https:\/\/www.asociacioncge.com\/index.php?rest_route=\/wp\/v2\/pages\/4276\/revisions"}],"predecessor-version":[{"id":71376,"href":"https:\/\/www.asociacioncge.com\/index.php?rest_route=\/wp\/v2\/pages\/4276\/revisions\/71376"}],"wp:attachment":[{"href":"https:\/\/www.asociacioncge.com\/index.php?rest_route=%2Fwp%2Fv2%2Fmedia&parent=4276"}],"wp:term":[{"taxonomy":"post_tag","embeddable":true,"href":"https:\/\/www.asociacioncge.com\/index.php?rest_route=%2Fwp%2Fv2%2Ftags&post=4276"}],"curies":[{"name":"wp","href":"https:\/\/api.w.org\/{rel}","templated":true}]}}