{"id":41,"date":"2017-11-27T21:38:56","date_gmt":"2017-11-27T21:38:56","guid":{"rendered":"http:\/\/box5293.temp.domains\/~asocgeco\/?page_id=41"},"modified":"2026-03-17T18:55:53","modified_gmt":"2026-03-17T18:55:53","slug":"decretos","status":"publish","type":"page","link":"https:\/\/www.asociacioncge.com\/?page_id=41","title":{"rendered":"Contactos"},"content":{"rendered":"\t\t<div data-elementor-type=\"wp-post\" data-elementor-id=\"41\" class=\"elementor elementor-41\">\n\t\t\t\t\t\t<section class=\"elementor-section elementor-top-section elementor-element elementor-element-520317c elementor-section-boxed elementor-section-height-default elementor-section-height-default\" data-id=\"520317c\" data-element_type=\"section\" data-e-type=\"section\">\n\t\t\t\t\t\t<div class=\"elementor-container elementor-column-gap-default\">\n\t\t\t\t\t<div class=\"elementor-column elementor-col-100 elementor-top-column elementor-element elementor-element-8e15fc3\" data-id=\"8e15fc3\" data-element_type=\"column\" data-e-type=\"column\">\n\t\t\t<div class=\"elementor-widget-wrap elementor-element-populated\">\n\t\t\t\t\t\t<div class=\"elementor-element elementor-element-55eef0c elementor-widget elementor-widget-text-editor\" data-id=\"55eef0c\" data-element_type=\"widget\" data-e-type=\"widget\" data-widget_type=\"text-editor.default\">\n\t\t\t\t<div class=\"elementor-widget-container\">\n\t\t\t\t\t\t\t\t\t<p style=\"text-align: justify;\">La Asociaci\u00f3n Nacional de Servidores P\u00fablicos de la Contralor\u00eda General del Estado por medio de su Directorio y personal administrativo trabaja cada d\u00eda para optimizar sus servicios y generar nuevos beneficios.<\/p>\n<p style=\"text-align: justify;\">Comun\u00edcate con nosotros, ser\u00e1 un gusto atenderte.<\/p>\t\t\t\t\t\t\t\t<\/div>\n\t\t\t\t<\/div>\n\t\t\t\t<div class=\"elementor-element elementor-element-19456c0 elementor-widget__width-initial elementor-widget elementor-widget-image\" data-id=\"19456c0\" data-element_type=\"widget\" data-e-type=\"widget\" data-widget_type=\"image.default\">\n\t\t\t\t<div class=\"elementor-widget-container\">\n\t\t\t\t\t\t\t\t\t\t\t\t\t\t\t<img fetchpriority=\"high\" decoding=\"async\" width=\"300\" height=\"169\" src=\"https:\/\/www.asociacioncge.com\/wp-content\/uploads\/2023\/01\/CONTACTO-ASO-WHATSAPP-300x169.png\" class=\"attachment-medium size-medium wp-image-61935\" alt=\"\" srcset=\"https:\/\/www.asociacioncge.com\/wp-content\/uploads\/2023\/01\/CONTACTO-ASO-WHATSAPP-300x169.png 300w, https:\/\/www.asociacioncge.com\/wp-content\/uploads\/2023\/01\/CONTACTO-ASO-WHATSAPP-768x432.png 768w, https:\/\/www.asociacioncge.com\/wp-content\/uploads\/2023\/01\/CONTACTO-ASO-WHATSAPP-600x338.png 600w, https:\/\/www.asociacioncge.com\/wp-content\/uploads\/2023\/01\/CONTACTO-ASO-WHATSAPP.png 960w\" sizes=\"(max-width: 300px) 100vw, 300px\" \/>\t\t\t\t\t\t\t\t\t\t\t\t\t\t\t<\/div>\n\t\t\t\t<\/div>\n\t\t\t\t\t<\/div>\n\t\t<\/div>\n\t\t\t\t\t<\/div>\n\t\t<\/section>\n\t\t\t\t<section class=\"elementor-section elementor-top-section elementor-element elementor-element-b48f933 elementor-section-boxed elementor-section-height-default elementor-section-height-default\" data-id=\"b48f933\" data-element_type=\"section\" data-e-type=\"section\">\n\t\t\t\t\t\t<div class=\"elementor-container elementor-column-gap-default\">\n\t\t\t\t\t<div class=\"elementor-column elementor-col-33 elementor-top-column elementor-element elementor-element-ee4341b\" data-id=\"ee4341b\" data-element_type=\"column\" data-e-type=\"column\">\n\t\t\t<div class=\"elementor-widget-wrap elementor-element-populated\">\n\t\t\t\t\t\t<div class=\"elementor-element elementor-element-00c26d9 elementor-alert-info elementor-widget elementor-widget-alert\" data-id=\"00c26d9\" data-element_type=\"widget\" data-e-type=\"widget\" data-widget_type=\"alert.default\">\n\t\t\t\t<div class=\"elementor-widget-container\">\n\t\t\t\t\t\t\t<div class=\"elementor-alert\" role=\"alert\">\n\n\t\t\t\t\t\t<span class=\"elementor-alert-title\">Secretar\u00eda-informaci\u00f3n:<\/span>\n\t\t\t\n\t\t\t\t\t\t<span class=\"elementor-alert-description\">Stiven \u00c1greda Prieto<br>info@asocge.com<br><b>Contacto: 09 63781930<\/b><\/span>\n\t\t\t\n\t\t\t\n\t\t<\/div>\n\t\t\t\t\t\t<\/div>\n\t\t\t\t<\/div>\n\t\t\t\t\t<\/div>\n\t\t<\/div>\n\t\t\t\t<div class=\"elementor-column elementor-col-33 elementor-top-column elementor-element elementor-element-bacf7a8\" data-id=\"bacf7a8\" data-element_type=\"column\" data-e-type=\"column\">\n\t\t\t<div class=\"elementor-widget-wrap elementor-element-populated\">\n\t\t\t\t\t\t<div class=\"elementor-element elementor-element-fd46ede elementor-alert-info elementor-widget elementor-widget-alert\" data-id=\"fd46ede\" data-element_type=\"widget\" data-e-type=\"widget\" data-widget_type=\"alert.default\">\n\t\t\t\t<div class=\"elementor-widget-container\">\n\t\t\t\t\t\t\t<div class=\"elementor-alert\" role=\"alert\">\n\n\t\t\t\t\t\t<span class=\"elementor-alert-title\">Contabilidad:<\/span>\n\t\t\t\n\t\t\t\t\t\t<span class=\"elementor-alert-description\">Carolina Donoso - Contadora<br><span style=\"font-family: Roboto, sans-serif;font-size: 13px;font-style: normal;font-weight: 400\">contabilidad@asocge.com<\/span><br>Andrea Rosero - Asistente contable<br><span style=\"font-family: Roboto, sans-serif;font-size: 13px;font-style: normal;font-weight: 400\">seguros@asocge.com<\/span><br><b>Contacto: 09 81469643<\/b><\/span>\n\t\t\t\n\t\t\t\n\t\t<\/div>\n\t\t\t\t\t\t<\/div>\n\t\t\t\t<\/div>\n\t\t\t\t\t<\/div>\n\t\t<\/div>\n\t\t\t\t<div class=\"elementor-column elementor-col-33 elementor-top-column elementor-element elementor-element-73865a0\" data-id=\"73865a0\" data-element_type=\"column\" data-e-type=\"column\">\n\t\t\t<div class=\"elementor-widget-wrap elementor-element-populated\">\n\t\t\t\t\t\t<div class=\"elementor-element elementor-element-c2ed331 elementor-alert-info elementor-widget elementor-widget-alert\" data-id=\"c2ed331\" data-element_type=\"widget\" data-e-type=\"widget\" data-widget_type=\"alert.default\">\n\t\t\t\t<div class=\"elementor-widget-container\">\n\t\t\t\t\t\t\t<div class=\"elementor-alert\" role=\"alert\">\n\n\t\t\t\t\t\t<span class=\"elementor-alert-title\">Comisariato:<\/span>\n\t\t\t\n\t\t\t\t\t\t<span class=\"elementor-alert-description\">Amparito Moreta Viteri <br>09 98484823<br>Alex Galiano Haro<br>09 97972071<br>comisariato@asocge.com<\/span>\n\t\t\t\n\t\t\t\n\t\t<\/div>\n\t\t\t\t\t\t<\/div>\n\t\t\t\t<\/div>\n\t\t\t\t\t<\/div>\n\t\t<\/div>\n\t\t\t\t\t<\/div>\n\t\t<\/section>\n\t\t\t\t<section class=\"elementor-section elementor-top-section elementor-element elementor-element-963d879 elementor-section-boxed elementor-section-height-default elementor-section-height-default\" data-id=\"963d879\" data-element_type=\"section\" data-e-type=\"section\">\n\t\t\t\t\t\t<div class=\"elementor-container elementor-column-gap-default\">\n\t\t\t\t\t<div class=\"elementor-column elementor-col-33 elementor-top-column elementor-element elementor-element-724c73f\" data-id=\"724c73f\" data-element_type=\"column\" data-e-type=\"column\">\n\t\t\t<div class=\"elementor-widget-wrap\">\n\t\t\t\t\t\t\t<\/div>\n\t\t<\/div>\n\t\t\t\t<div class=\"elementor-column elementor-col-33 elementor-top-column elementor-element elementor-element-89b08f0\" data-id=\"89b08f0\" data-element_type=\"column\" data-e-type=\"column\">\n\t\t\t<div class=\"elementor-widget-wrap elementor-element-populated\">\n\t\t\t\t\t\t<div class=\"elementor-element elementor-element-22f7521 elementor-widget__width-initial elementor-alert-info elementor-widget elementor-widget-alert\" data-id=\"22f7521\" data-element_type=\"widget\" data-e-type=\"widget\" data-widget_type=\"alert.default\">\n\t\t\t\t<div class=\"elementor-widget-container\">\n\t\t\t\t\t\t\t<div class=\"elementor-alert\" role=\"alert\">\n\n\t\t\t\t\t\t<span class=\"elementor-alert-title\">Seguro PRIVILEGIO(Broker):<\/span>\n\t\t\t\n\t\t\t\t\t\t<span class=\"elementor-alert-description\">Nataly L\u00f3pez<br>asociacioncontraloria@privilegio.med.ec<br><b>Contacto: 09 94803001<\/b><\/span>\n\t\t\t\n\t\t\t\n\t\t<\/div>\n\t\t\t\t\t\t<\/div>\n\t\t\t\t<\/div>\n\t\t\t\t\t<\/div>\n\t\t<\/div>\n\t\t\t\t<div class=\"elementor-column elementor-col-33 elementor-top-column elementor-element elementor-element-5fbdab7\" data-id=\"5fbdab7\" data-element_type=\"column\" data-e-type=\"column\">\n\t\t\t<div class=\"elementor-widget-wrap\">\n\t\t\t\t\t\t\t<\/div>\n\t\t<\/div>\n\t\t\t\t\t<\/div>\n\t\t<\/section>\n\t\t\t\t<section class=\"elementor-section elementor-top-section elementor-element elementor-element-9e1e125 elementor-section-boxed elementor-section-height-default elementor-section-height-default\" data-id=\"9e1e125\" data-element_type=\"section\" data-e-type=\"section\">\n\t\t\t\t\t\t<div class=\"elementor-container elementor-column-gap-default\">\n\t\t\t\t\t<div class=\"elementor-column elementor-col-100 elementor-top-column elementor-element elementor-element-9c35e2f\" data-id=\"9c35e2f\" data-element_type=\"column\" data-e-type=\"column\">\n\t\t\t<div class=\"elementor-widget-wrap elementor-element-populated\">\n\t\t\t\t\t\t<div class=\"elementor-element elementor-element-eca0a0f elementor-widget elementor-widget-heading\" data-id=\"eca0a0f\" data-element_type=\"widget\" data-e-type=\"widget\" data-widget_type=\"heading.default\">\n\t\t\t\t<div class=\"elementor-widget-container\">\n\t\t\t\t\t<h2 class=\"elementor-heading-title elementor-size-medium\">Direcci\u00f3n:<\/h2>\t\t\t\t<\/div>\n\t\t\t\t<\/div>\n\t\t\t\t\t<\/div>\n\t\t<\/div>\n\t\t\t\t\t<\/div>\n\t\t<\/section>\n\t\t\t\t<section class=\"elementor-section elementor-top-section elementor-element elementor-element-5df5905 elementor-section-boxed elementor-section-height-default elementor-section-height-default\" data-id=\"5df5905\" data-element_type=\"section\" data-e-type=\"section\">\n\t\t\t\t\t\t<div class=\"elementor-container elementor-column-gap-default\">\n\t\t\t\t\t<div class=\"elementor-column elementor-col-100 elementor-top-column elementor-element elementor-element-c51c55a\" data-id=\"c51c55a\" data-element_type=\"column\" data-e-type=\"column\">\n\t\t\t<div class=\"elementor-widget-wrap elementor-element-populated\">\n\t\t\t\t\t\t<div class=\"elementor-element elementor-element-66b89b7 elementor-widget elementor-widget-text-editor\" data-id=\"66b89b7\" data-element_type=\"widget\" data-e-type=\"widget\" data-widget_type=\"text-editor.default\">\n\t\t\t\t<div class=\"elementor-widget-container\">\n\t\t\t\t\t\t\t\t\t<p style=\"text-align: justify;\">Juan Montalvo E4-37 y Av. 6 de diciembre, 4to piso del bloque A.<\/p>\t\t\t\t\t\t\t\t<\/div>\n\t\t\t\t<\/div>\n\t\t\t\t\t<\/div>\n\t\t<\/div>\n\t\t\t\t\t<\/div>\n\t\t<\/section>\n\t\t\t\t<\/div>\n\t\t","protected":false},"excerpt":{"rendered":"<p>La Asociaci\u00f3n Nacional de Servidores P\u00fablicos de la Contralor\u00eda General del Estado por medio de su Directorio y personal administrativo trabaja cada d\u00eda para optimizar sus servicios y generar nuevos beneficios. Comun\u00edcate con nosotros, ser\u00e1 un gusto atenderte. Secretar\u00eda-informaci\u00f3n: Stiven \u00c1greda Prietoinfo@asocge.comContacto: 09 63781930 Contabilidad: Carolina Donoso &#8211; Contadoracontabilidad@asocge.comAndrea Rosero &#8211; Asistente contableseguros@asocge.comContacto: 09 81469643 [&hellip;]<\/p>\n","protected":false},"author":1,"featured_media":0,"parent":10,"menu_order":0,"comment_status":"closed","ping_status":"closed","template":"","meta":{"_monsterinsights_skip_tracking":false,"_monsterinsights_sitenote_active":false,"_monsterinsights_sitenote_note":"","_monsterinsights_sitenote_category":0,"ngg_post_thumbnail":0,"footnotes":""},"tags":[],"class_list":["post-41","page","type-page","status-publish","hentry"],"aioseo_notices":[],"_links":{"self":[{"href":"https:\/\/www.asociacioncge.com\/index.php?rest_route=\/wp\/v2\/pages\/41","targetHints":{"allow":["GET"]}}],"collection":[{"href":"https:\/\/www.asociacioncge.com\/index.php?rest_route=\/wp\/v2\/pages"}],"about":[{"href":"https:\/\/www.asociacioncge.com\/index.php?rest_route=\/wp\/v2\/types\/page"}],"author":[{"embeddable":true,"href":"https:\/\/www.asociacioncge.com\/index.php?rest_route=\/wp\/v2\/users\/1"}],"replies":[{"embeddable":true,"href":"https:\/\/www.asociacioncge.com\/index.php?rest_route=%2Fwp%2Fv2%2Fcomments&post=41"}],"version-history":[{"count":339,"href":"https:\/\/www.asociacioncge.com\/index.php?rest_route=\/wp\/v2\/pages\/41\/revisions"}],"predecessor-version":[{"id":71321,"href":"https:\/\/www.asociacioncge.com\/index.php?rest_route=\/wp\/v2\/pages\/41\/revisions\/71321"}],"up":[{"embeddable":true,"href":"https:\/\/www.asociacioncge.com\/index.php?rest_route=\/wp\/v2\/pages\/10"}],"wp:attachment":[{"href":"https:\/\/www.asociacioncge.com\/index.php?rest_route=%2Fwp%2Fv2%2Fmedia&parent=41"}],"wp:term":[{"taxonomy":"post_tag","embeddable":true,"href":"https:\/\/www.asociacioncge.com\/index.php?rest_route=%2Fwp%2Fv2%2Ftags&post=41"}],"curies":[{"name":"wp","href":"https:\/\/api.w.org\/{rel}","templated":true}]}}