{"id":32816,"date":"2020-02-20T04:53:22","date_gmt":"2020-02-20T04:53:22","guid":{"rendered":"https:\/\/www.asociacioncge.com\/?page_id=32816"},"modified":"2026-03-17T17:35:53","modified_gmt":"2026-03-17T17:35:53","slug":"claro","status":"publish","type":"page","link":"https:\/\/www.asociacioncge.com\/?page_id=32816","title":{"rendered":"CLARO"},"content":{"rendered":"\t\t<div data-elementor-type=\"wp-page\" data-elementor-id=\"32816\" class=\"elementor elementor-32816\">\n\t\t\t\t\t\t<section class=\"elementor-section elementor-top-section elementor-element elementor-element-5d27934 elementor-section-boxed elementor-section-height-default elementor-section-height-default\" data-id=\"5d27934\" data-element_type=\"section\" data-e-type=\"section\">\n\t\t\t\t\t\t<div class=\"elementor-container elementor-column-gap-default\">\n\t\t\t\t\t<div class=\"elementor-column elementor-col-100 elementor-top-column elementor-element elementor-element-0a5f3a6\" data-id=\"0a5f3a6\" data-element_type=\"column\" data-e-type=\"column\">\n\t\t\t<div class=\"elementor-widget-wrap elementor-element-populated\">\n\t\t\t\t\t\t<div class=\"elementor-element elementor-element-aeae21f elementor-widget elementor-widget-heading\" data-id=\"aeae21f\" data-element_type=\"widget\" data-e-type=\"widget\" data-widget_type=\"heading.default\">\n\t\t\t\t<div class=\"elementor-widget-container\">\n\t\t\t\t\t<h2 class=\"elementor-heading-title elementor-size-default\">Renovaci\u00f3n de planes - CLARO<\/h2>\t\t\t\t<\/div>\n\t\t\t\t<\/div>\n\t\t\t\t\t<\/div>\n\t\t<\/div>\n\t\t\t\t\t<\/div>\n\t\t<\/section>\n\t\t\t\t<section class=\"elementor-section elementor-top-section elementor-element elementor-element-f5c7dd2 elementor-section-boxed elementor-section-height-default elementor-section-height-default\" data-id=\"f5c7dd2\" data-element_type=\"section\" data-e-type=\"section\">\n\t\t\t\t\t\t<div class=\"elementor-container elementor-column-gap-default\">\n\t\t\t\t\t<div class=\"elementor-column elementor-col-100 elementor-top-column elementor-element elementor-element-32d6f5f\" data-id=\"32d6f5f\" data-element_type=\"column\" data-e-type=\"column\">\n\t\t\t<div class=\"elementor-widget-wrap elementor-element-populated\">\n\t\t\t\t\t\t<div class=\"elementor-element elementor-element-ac2e44e elementor-widget elementor-widget-text-editor\" data-id=\"ac2e44e\" data-element_type=\"widget\" data-e-type=\"widget\" data-widget_type=\"text-editor.default\">\n\t\t\t\t<div class=\"elementor-widget-container\">\n\t\t\t\t\t\t\t\t\t<p>Te presentamos nuestra propuesta de planes para el periodo 2025-2027<\/p>\t\t\t\t\t\t\t\t<\/div>\n\t\t\t\t<\/div>\n\t\t\t\t<div class=\"elementor-element elementor-element-6e10af4 elementor-widget elementor-widget-image\" data-id=\"6e10af4\" data-element_type=\"widget\" data-e-type=\"widget\" data-widget_type=\"image.default\">\n\t\t\t\t<div class=\"elementor-widget-container\">\n\t\t\t\t\t\t\t\t\t\t\t\t\t\t\t<img fetchpriority=\"high\" decoding=\"async\" width=\"870\" height=\"371\" src=\"https:\/\/www.asociacioncge.com\/wp-content\/uploads\/2025\/10\/PLANES-2025-2027-PROPUESTA.png\" class=\"attachment-large size-large wp-image-70656\" alt=\"\" srcset=\"https:\/\/www.asociacioncge.com\/wp-content\/uploads\/2025\/10\/PLANES-2025-2027-PROPUESTA.png 893w, https:\/\/www.asociacioncge.com\/wp-content\/uploads\/2025\/10\/PLANES-2025-2027-PROPUESTA-300x128.png 300w, https:\/\/www.asociacioncge.com\/wp-content\/uploads\/2025\/10\/PLANES-2025-2027-PROPUESTA-768x328.png 768w, https:\/\/www.asociacioncge.com\/wp-content\/uploads\/2025\/10\/PLANES-2025-2027-PROPUESTA-600x256.png 600w\" sizes=\"(max-width: 870px) 100vw, 870px\" \/>\t\t\t\t\t\t\t\t\t\t\t\t\t\t\t<\/div>\n\t\t\t\t<\/div>\n\t\t\t\t\t<\/div>\n\t\t<\/div>\n\t\t\t\t\t<\/div>\n\t\t<\/section>\n\t\t\t\t<section class=\"elementor-section elementor-top-section elementor-element elementor-element-521de17 elementor-section-boxed elementor-section-height-default elementor-section-height-default\" data-id=\"521de17\" data-element_type=\"section\" data-e-type=\"section\">\n\t\t\t\t\t\t<div class=\"elementor-container elementor-column-gap-default\">\n\t\t\t\t\t<div class=\"elementor-column elementor-col-50 elementor-top-column elementor-element elementor-element-d5f2ab4\" data-id=\"d5f2ab4\" data-element_type=\"column\" data-e-type=\"column\">\n\t\t\t<div class=\"elementor-widget-wrap elementor-element-populated\">\n\t\t\t\t\t\t<div class=\"elementor-element elementor-element-e27c6f0 elementor-widget elementor-widget-heading\" data-id=\"e27c6f0\" data-element_type=\"widget\" data-e-type=\"widget\" data-widget_type=\"heading.default\">\n\t\t\t\t<div class=\"elementor-widget-container\">\n\t\t\t\t\t<h2 class=\"elementor-heading-title elementor-size-default\">5GB<\/h2>\t\t\t\t<\/div>\n\t\t\t\t<\/div>\n\t\t\t\t\t<\/div>\n\t\t<\/div>\n\t\t\t\t<div class=\"elementor-column elementor-col-50 elementor-top-column elementor-element elementor-element-1541938\" data-id=\"1541938\" data-element_type=\"column\" data-e-type=\"column\">\n\t\t\t<div class=\"elementor-widget-wrap elementor-element-populated\">\n\t\t\t\t\t\t<div class=\"elementor-element elementor-element-eb07c2f elementor-widget elementor-widget-heading\" data-id=\"eb07c2f\" data-element_type=\"widget\" data-e-type=\"widget\" data-widget_type=\"heading.default\">\n\t\t\t\t<div class=\"elementor-widget-container\">\n\t\t\t\t\t<h2 class=\"elementor-heading-title elementor-size-default\">Adicionales en todos los planes<\/h2>\t\t\t\t<\/div>\n\t\t\t\t<\/div>\n\t\t\t\t\t<\/div>\n\t\t<\/div>\n\t\t\t\t\t<\/div>\n\t\t<\/section>\n\t\t\t\t<section class=\"elementor-section elementor-top-section elementor-element elementor-element-4e5c883 elementor-section-boxed elementor-section-height-default elementor-section-height-default\" data-id=\"4e5c883\" data-element_type=\"section\" data-e-type=\"section\">\n\t\t\t\t\t\t<div class=\"elementor-container elementor-column-gap-default\">\n\t\t\t\t\t<div class=\"elementor-column elementor-col-100 elementor-top-column elementor-element elementor-element-87966b7\" data-id=\"87966b7\" data-element_type=\"column\" data-e-type=\"column\">\n\t\t\t<div class=\"elementor-widget-wrap elementor-element-populated\">\n\t\t\t\t\t\t<div class=\"elementor-element elementor-element-ef891cc elementor-widget elementor-widget-text-editor\" data-id=\"ef891cc\" data-element_type=\"widget\" data-e-type=\"widget\" data-widget_type=\"text-editor.default\">\n\t\t\t\t<div class=\"elementor-widget-container\">\n\t\t\t\t\t\t\t\t\t<p>Mejora tu plan completando el formulario de autorizaci\u00f3n de descuento hasta el viernes 31 de octubre.<\/p><ul><li><a href=\"https:\/\/www.asociacioncge.com\/wp-content\/uploads\/2025\/10\/Solicitud-de-RENOVACION-SOCIOS-1.pdf\" target=\"_blank\" rel=\"noopener\">Autorizaci\u00f3n de descuento<\/a><\/li><li>Pagar\u00e9 (solo en caso de adquisici\u00f3n de equipos) se deber\u00e1 solicitar en la Asociaci\u00f3n.<\/li><\/ul>\t\t\t\t\t\t\t\t<\/div>\n\t\t\t\t<\/div>\n\t\t\t\t\t<\/div>\n\t\t<\/div>\n\t\t\t\t\t<\/div>\n\t\t<\/section>\n\t\t\t\t<section class=\"elementor-section elementor-top-section elementor-element elementor-element-b27577f elementor-section-boxed elementor-section-height-default elementor-section-height-default\" data-id=\"b27577f\" data-element_type=\"section\" data-e-type=\"section\">\n\t\t\t\t\t\t<div class=\"elementor-container elementor-column-gap-default\">\n\t\t\t\t\t<div class=\"elementor-column elementor-col-50 elementor-top-column elementor-element elementor-element-cf27605\" data-id=\"cf27605\" data-element_type=\"column\" data-e-type=\"column\">\n\t\t\t<div class=\"elementor-widget-wrap elementor-element-populated\">\n\t\t\t\t\t\t<div class=\"elementor-element elementor-element-850fabd elementor-widget elementor-widget-text-editor\" data-id=\"850fabd\" data-element_type=\"widget\" data-e-type=\"widget\" data-widget_type=\"text-editor.default\">\n\t\t\t\t<div class=\"elementor-widget-container\">\n\t\t\t\t\t\t\t\t\t<p><strong>CONDICIONES:<\/strong><\/p>\n<p>1. Permanencia obligatoria de contrato 24 meses a partir de la fecha de actualizaci\u00f3n, en caso de no cumplirlo la operadora considerar\u00e1 como penalidad una tarifa b\u00e1sica extra.<\/p>\n<p>2. La actualizaci\u00f3n de plan se realizar\u00eda en el siguiente corte mensual sin cobros adicionales.<\/p><p>3. Los valores no incluyen IVA.<\/p>\t\t\t\t\t\t\t\t<\/div>\n\t\t\t\t<\/div>\n\t\t\t\t\t<\/div>\n\t\t<\/div>\n\t\t\t\t<div class=\"elementor-column elementor-col-50 elementor-top-column elementor-element elementor-element-ce3fcf3\" data-id=\"ce3fcf3\" data-element_type=\"column\" data-e-type=\"column\">\n\t\t\t<div class=\"elementor-widget-wrap elementor-element-populated\">\n\t\t\t\t\t\t<div class=\"elementor-element elementor-element-4eb6661 elementor-invisible elementor-widget elementor-widget-heading\" data-id=\"4eb6661\" data-element_type=\"widget\" data-e-type=\"widget\" data-settings=\"{&quot;_animation&quot;:&quot;fadeIn&quot;}\" data-widget_type=\"heading.default\">\n\t\t\t\t<div class=\"elementor-widget-container\">\n\t\t\t\t\t<h2 class=\"elementor-heading-title elementor-size-small\">Consultas y solicitudes:<\/h2>\t\t\t\t<\/div>\n\t\t\t\t<\/div>\n\t\t\t\t<div class=\"elementor-element elementor-element-91fafa5 elementor-widget elementor-widget-image\" data-id=\"91fafa5\" data-element_type=\"widget\" data-e-type=\"widget\" data-widget_type=\"image.default\">\n\t\t\t\t<div class=\"elementor-widget-container\">\n\t\t\t\t\t\t\t\t\t\t\t\t\t\t\t<img decoding=\"async\" src=\"https:\/\/www.asociacioncge.com\/wp-content\/uploads\/2023\/03\/operadortelefonia-100x100.png\" title=\"operadortelefonia\" alt=\"operadortelefonia\" loading=\"lazy\" \/>\t\t\t\t\t\t\t\t\t\t\t\t\t\t\t<\/div>\n\t\t\t\t<\/div>\n\t\t\t\t<div class=\"elementor-element elementor-element-5db4650 elementor-align-start elementor-icon-list--layout-traditional elementor-list-item-link-full_width elementor-widget elementor-widget-icon-list\" data-id=\"5db4650\" data-element_type=\"widget\" data-e-type=\"widget\" data-widget_type=\"icon-list.default\">\n\t\t\t\t<div class=\"elementor-widget-container\">\n\t\t\t\t\t\t\t<ul class=\"elementor-icon-list-items\">\n\t\t\t\t\t\t\t<li class=\"elementor-icon-list-item\">\n\t\t\t\t\t\t\t\t\t\t\t<a href=\"mailto:%20info@asocge.com\" target=\"_blank\">\n\n\t\t\t\t\t\t\t\t\t\t\t\t<span class=\"elementor-icon-list-icon\">\n\t\t\t\t\t\t\t<i aria-hidden=\"true\" class=\"far fa-envelope\"><\/i>\t\t\t\t\t\t<\/span>\n\t\t\t\t\t\t\t\t\t\t<span class=\"elementor-icon-list-text\">info@asocge.com<\/span>\n\t\t\t\t\t\t\t\t\t\t\t<\/a>\n\t\t\t\t\t\t\t\t\t<\/li>\n\t\t\t\t\t\t\t\t<li class=\"elementor-icon-list-item\">\n\t\t\t\t\t\t\t\t\t\t\t<span class=\"elementor-icon-list-icon\">\n\t\t\t\t\t\t\t<i aria-hidden=\"true\" class=\"fab fa-whatsapp\"><\/i>\t\t\t\t\t\t<\/span>\n\t\t\t\t\t\t\t\t\t\t<span class=\"elementor-icon-list-text\">0984606524<\/span>\n\t\t\t\t\t\t\t\t\t<\/li>\n\t\t\t\t\t\t<\/ul>\n\t\t\t\t\t\t<\/div>\n\t\t\t\t<\/div>\n\t\t\t\t\t<\/div>\n\t\t<\/div>\n\t\t\t\t\t<\/div>\n\t\t<\/section>\n\t\t\t\t<\/div>\n\t\t","protected":false},"excerpt":{"rendered":"<p>Renovaci\u00f3n de planes &#8211; CLARO Te presentamos nuestra propuesta de planes para el periodo 2025-2027 5GB Adicionales en todos los planes Mejora tu plan completando el formulario de autorizaci\u00f3n de descuento hasta el viernes 31 de octubre. Autorizaci\u00f3n de descuento Pagar\u00e9 (solo en caso de adquisici\u00f3n de equipos) se deber\u00e1 solicitar en la Asociaci\u00f3n. CONDICIONES: [&hellip;]<\/p>\n","protected":false},"author":1,"featured_media":0,"parent":0,"menu_order":0,"comment_status":"closed","ping_status":"closed","template":"","meta":{"_monsterinsights_skip_tracking":false,"_monsterinsights_sitenote_active":false,"_monsterinsights_sitenote_note":"","_monsterinsights_sitenote_category":0,"ngg_post_thumbnail":0,"footnotes":""},"tags":[],"class_list":["post-32816","page","type-page","status-publish","hentry"],"aioseo_notices":[],"_links":{"self":[{"href":"https:\/\/www.asociacioncge.com\/index.php?rest_route=\/wp\/v2\/pages\/32816","targetHints":{"allow":["GET"]}}],"collection":[{"href":"https:\/\/www.asociacioncge.com\/index.php?rest_route=\/wp\/v2\/pages"}],"about":[{"href":"https:\/\/www.asociacioncge.com\/index.php?rest_route=\/wp\/v2\/types\/page"}],"author":[{"embeddable":true,"href":"https:\/\/www.asociacioncge.com\/index.php?rest_route=\/wp\/v2\/users\/1"}],"replies":[{"embeddable":true,"href":"https:\/\/www.asociacioncge.com\/index.php?rest_route=%2Fwp%2Fv2%2Fcomments&post=32816"}],"version-history":[{"count":156,"href":"https:\/\/www.asociacioncge.com\/index.php?rest_route=\/wp\/v2\/pages\/32816\/revisions"}],"predecessor-version":[{"id":71288,"href":"https:\/\/www.asociacioncge.com\/index.php?rest_route=\/wp\/v2\/pages\/32816\/revisions\/71288"}],"wp:attachment":[{"href":"https:\/\/www.asociacioncge.com\/index.php?rest_route=%2Fwp%2Fv2%2Fmedia&parent=32816"}],"wp:term":[{"taxonomy":"post_tag","embeddable":true,"href":"https:\/\/www.asociacioncge.com\/index.php?rest_route=%2Fwp%2Fv2%2Ftags&post=32816"}],"curies":[{"name":"wp","href":"https:\/\/api.w.org\/{rel}","templated":true}]}}