{"id":246,"date":"2018-02-05T21:52:55","date_gmt":"2018-02-05T21:52:55","guid":{"rendered":"http:\/\/box5293.temp.domains\/~asocgeco\/?page_id=246"},"modified":"2025-08-08T04:13:23","modified_gmt":"2025-08-08T04:13:23","slug":"universidad-tecnica-particular-de-loja-utpl","status":"publish","type":"page","link":"https:\/\/www.asociacioncge.com\/?page_id=246","title":{"rendered":"UNIVERSIDAD T\u00c9CNICA PARTICULAR DE LOJA &#8211; UTPL"},"content":{"rendered":"\t\t<div data-elementor-type=\"wp-post\" data-elementor-id=\"246\" class=\"elementor elementor-246\">\n\t\t\t\t\t\t<section class=\"elementor-section elementor-top-section elementor-element elementor-element-510ffc3 elementor-section-boxed elementor-section-height-default elementor-section-height-default\" data-id=\"510ffc3\" data-element_type=\"section\" data-e-type=\"section\">\n\t\t\t\t\t\t<div class=\"elementor-container elementor-column-gap-default\">\n\t\t\t\t\t<div class=\"elementor-column elementor-col-50 elementor-top-column elementor-element elementor-element-abb6edf\" data-id=\"abb6edf\" data-element_type=\"column\" data-e-type=\"column\">\n\t\t\t<div class=\"elementor-widget-wrap elementor-element-populated\">\n\t\t\t\t\t\t<div class=\"elementor-element elementor-element-72d23aa animated-slow elementor-invisible elementor-widget elementor-widget-image\" data-id=\"72d23aa\" data-element_type=\"widget\" data-e-type=\"widget\" data-settings=\"{&quot;_animation&quot;:&quot;zoomIn&quot;}\" data-widget_type=\"image.default\">\n\t\t\t\t<div class=\"elementor-widget-container\">\n\t\t\t\t\t\t\t\t\t\t\t\t\t\t\t<img decoding=\"async\" width=\"300\" height=\"121\" src=\"https:\/\/www.asociacioncge.com\/wp-content\/uploads\/2018\/02\/UTPL-logo-300x121.png\" class=\"attachment-medium size-medium wp-image-248\" alt=\"\" srcset=\"https:\/\/www.asociacioncge.com\/wp-content\/uploads\/2018\/02\/UTPL-logo-300x121.png 300w, https:\/\/www.asociacioncge.com\/wp-content\/uploads\/2018\/02\/UTPL-logo.png 483w\" sizes=\"(max-width: 300px) 100vw, 300px\" \/>\t\t\t\t\t\t\t\t\t\t\t\t\t\t\t<\/div>\n\t\t\t\t<\/div>\n\t\t\t\t\t<\/div>\n\t\t<\/div>\n\t\t\t\t<div class=\"elementor-column elementor-col-50 elementor-top-column elementor-element elementor-element-f430985\" data-id=\"f430985\" data-element_type=\"column\" data-e-type=\"column\">\n\t\t\t<div class=\"elementor-widget-wrap elementor-element-populated\">\n\t\t\t\t\t\t<div class=\"elementor-element elementor-element-cb6bebe elementor-widget elementor-widget-text-editor\" data-id=\"cb6bebe\" data-element_type=\"widget\" data-e-type=\"widget\" data-widget_type=\"text-editor.default\">\n\t\t\t\t<div class=\"elementor-widget-container\">\n\t\t\t\t\t\t\t\t\t<h5><span style=\"color: #808080;\">La Universidad T\u00e9cnica Particular de Loja es una instituci\u00f3n cat\u00f3lica de educaci\u00f3n superior de caracter bimodal, de conformidad con el art\u00edculo 1 de su Estatuto Org\u00e1nico, creado el 3 de mayo de 1971 mediante Decreto 646 publicado en el Registro Oficial No. 2017 del 5 de mayo de 1971, con domicilio en la ciudad de Loja.<br \/><\/span><\/h5>\t\t\t\t\t\t\t\t<\/div>\n\t\t\t\t<\/div>\n\t\t\t\t\t<\/div>\n\t\t<\/div>\n\t\t\t\t\t<\/div>\n\t\t<\/section>\n\t\t\t\t<section class=\"elementor-section elementor-top-section elementor-element elementor-element-ca96628 elementor-section-boxed elementor-section-height-default elementor-section-height-default\" data-id=\"ca96628\" data-element_type=\"section\" data-e-type=\"section\">\n\t\t\t\t\t\t<div class=\"elementor-container elementor-column-gap-default\">\n\t\t\t\t\t<div class=\"elementor-column elementor-col-100 elementor-top-column elementor-element elementor-element-fd041bd\" data-id=\"fd041bd\" data-element_type=\"column\" data-e-type=\"column\">\n\t\t\t<div class=\"elementor-widget-wrap elementor-element-populated\">\n\t\t\t\t\t\t<div class=\"elementor-element elementor-element-f526f8c elementor-align-center elementor-widget elementor-widget-button\" data-id=\"f526f8c\" data-element_type=\"widget\" data-e-type=\"widget\" data-widget_type=\"button.default\">\n\t\t\t\t<div class=\"elementor-widget-container\">\n\t\t\t\t\t\t\t\t\t<div class=\"elementor-button-wrapper\">\n\t\t\t\t\t<a class=\"elementor-button elementor-button-link elementor-size-sm\" href=\"#\">\n\t\t\t\t\t\t<span class=\"elementor-button-content-wrapper\">\n\t\t\t\t\t\t\t\t\t<span class=\"elementor-button-text\">10% DESCUENTO<\/span>\n\t\t\t\t\t<\/span>\n\t\t\t\t\t<\/a>\n\t\t\t\t<\/div>\n\t\t\t\t\t\t\t\t<\/div>\n\t\t\t\t<\/div>\n\t\t\t\t\t<\/div>\n\t\t<\/div>\n\t\t\t\t\t<\/div>\n\t\t<\/section>\n\t\t\t\t<section class=\"elementor-section elementor-top-section elementor-element elementor-element-cccd479 elementor-section-boxed elementor-section-height-default elementor-section-height-default\" data-id=\"cccd479\" data-element_type=\"section\" data-e-type=\"section\">\n\t\t\t\t\t\t<div class=\"elementor-container elementor-column-gap-default\">\n\t\t\t\t\t<div class=\"elementor-column elementor-col-50 elementor-top-column elementor-element elementor-element-a1a6486\" data-id=\"a1a6486\" data-element_type=\"column\" data-e-type=\"column\">\n\t\t\t<div class=\"elementor-widget-wrap elementor-element-populated\">\n\t\t\t\t\t\t<div class=\"elementor-element elementor-element-0c0176e elementor-widget elementor-widget-text-editor\" data-id=\"0c0176e\" data-element_type=\"widget\" data-e-type=\"widget\" data-widget_type=\"text-editor.default\">\n\t\t\t\t<div class=\"elementor-widget-container\">\n\t\t\t\t\t\t\t\t\t<p style=\"text-align: justify;\">Descuento aplica en el costo de la matr\u00edcula en estudios de tercer nivel en modalidad a distancia. As\u00ed como tambi\u00e9n en cursos de educaci\u00f3n continua, abiertos e in house.<\/p>\t\t\t\t\t\t\t\t<\/div>\n\t\t\t\t<\/div>\n\t\t\t\t\t<\/div>\n\t\t<\/div>\n\t\t\t\t<div class=\"elementor-column elementor-col-50 elementor-top-column elementor-element elementor-element-97ea04d\" data-id=\"97ea04d\" data-element_type=\"column\" data-e-type=\"column\">\n\t\t\t<div class=\"elementor-widget-wrap elementor-element-populated\">\n\t\t\t\t\t\t<div class=\"elementor-element elementor-element-05e1dc6 elementor-widget elementor-widget-image\" data-id=\"05e1dc6\" data-element_type=\"widget\" data-e-type=\"widget\" data-widget_type=\"image.default\">\n\t\t\t\t<div class=\"elementor-widget-container\">\n\t\t\t\t\t\t\t\t\t\t\t\t\t\t\t<img decoding=\"async\" width=\"150\" height=\"150\" src=\"https:\/\/www.asociacioncge.com\/wp-content\/uploads\/2022\/12\/pngwing.com5_-150x150.png\" class=\"attachment-thumbnail size-thumbnail wp-image-60550\" alt=\"\" srcset=\"https:\/\/www.asociacioncge.com\/wp-content\/uploads\/2022\/12\/pngwing.com5_-150x150.png 150w, https:\/\/www.asociacioncge.com\/wp-content\/uploads\/2022\/12\/pngwing.com5_-300x300.png 300w, https:\/\/www.asociacioncge.com\/wp-content\/uploads\/2022\/12\/pngwing.com5_-768x768.png 768w, https:\/\/www.asociacioncge.com\/wp-content\/uploads\/2022\/12\/pngwing.com5_-600x600.png 600w, https:\/\/www.asociacioncge.com\/wp-content\/uploads\/2022\/12\/pngwing.com5_-100x100.png 100w, https:\/\/www.asociacioncge.com\/wp-content\/uploads\/2022\/12\/pngwing.com5_.png 900w\" sizes=\"(max-width: 150px) 100vw, 150px\" \/>\t\t\t\t\t\t\t\t\t\t\t\t\t\t\t<\/div>\n\t\t\t\t<\/div>\n\t\t\t\t\t<\/div>\n\t\t<\/div>\n\t\t\t\t\t<\/div>\n\t\t<\/section>\n\t\t\t\t<section class=\"elementor-section elementor-top-section elementor-element elementor-element-f9de8a2 elementor-section-boxed elementor-section-height-default elementor-section-height-default\" data-id=\"f9de8a2\" data-element_type=\"section\" data-e-type=\"section\">\n\t\t\t\t\t\t<div class=\"elementor-container elementor-column-gap-default\">\n\t\t\t\t\t<div class=\"elementor-column elementor-col-100 elementor-top-column elementor-element elementor-element-9a5526b\" data-id=\"9a5526b\" data-element_type=\"column\" data-e-type=\"column\">\n\t\t\t<div class=\"elementor-widget-wrap elementor-element-populated\">\n\t\t\t\t\t\t<div class=\"elementor-element elementor-element-8dff90f elementor-widget elementor-widget-heading\" data-id=\"8dff90f\" data-element_type=\"widget\" data-e-type=\"widget\" data-widget_type=\"heading.default\">\n\t\t\t\t<div class=\"elementor-widget-container\">\n\t\t\t\t\t<h2 class=\"elementor-heading-title elementor-size-medium\">Beneficio exclusivo para socios, su c\u00f3nyuge y familiares hasta el primer grado de consanguinidad.<\/h2>\t\t\t\t<\/div>\n\t\t\t\t<\/div>\n\t\t\t\t\t<\/div>\n\t\t<\/div>\n\t\t\t\t\t<\/div>\n\t\t<\/section>\n\t\t\t\t<section class=\"elementor-section elementor-top-section elementor-element elementor-element-236d684e elementor-section-boxed elementor-section-height-default elementor-section-height-default\" data-id=\"236d684e\" data-element_type=\"section\" data-e-type=\"section\">\n\t\t\t\t\t\t<div class=\"elementor-container elementor-column-gap-default\">\n\t\t\t\t\t<div class=\"elementor-column elementor-col-100 elementor-top-column elementor-element elementor-element-634c58a0\" data-id=\"634c58a0\" data-element_type=\"column\" data-e-type=\"column\">\n\t\t\t<div class=\"elementor-widget-wrap elementor-element-populated\">\n\t\t\t\t\t\t<div class=\"elementor-element elementor-element-57e31248 elementor-widget-divider--view-line elementor-widget elementor-widget-divider\" data-id=\"57e31248\" data-element_type=\"widget\" data-e-type=\"widget\" data-widget_type=\"divider.default\">\n\t\t\t\t<div class=\"elementor-widget-container\">\n\t\t\t\t\t\t\t<div class=\"elementor-divider\">\n\t\t\t<span class=\"elementor-divider-separator\">\n\t\t\t\t\t\t<\/span>\n\t\t<\/div>\n\t\t\t\t\t\t<\/div>\n\t\t\t\t<\/div>\n\t\t\t\t\t<\/div>\n\t\t<\/div>\n\t\t\t\t\t<\/div>\n\t\t<\/section>\n\t\t\t\t<section class=\"elementor-section elementor-top-section elementor-element elementor-element-1a21093 elementor-section-boxed elementor-section-height-default elementor-section-height-default\" data-id=\"1a21093\" data-element_type=\"section\" data-e-type=\"section\">\n\t\t\t\t\t\t<div class=\"elementor-container elementor-column-gap-default\">\n\t\t\t\t\t<div class=\"elementor-column elementor-col-100 elementor-top-column elementor-element elementor-element-50d39b8\" data-id=\"50d39b8\" data-element_type=\"column\" data-e-type=\"column\">\n\t\t\t<div class=\"elementor-widget-wrap elementor-element-populated\">\n\t\t\t\t\t\t<div class=\"elementor-element elementor-element-d9ee418 elementor-widget elementor-widget-heading\" data-id=\"d9ee418\" data-element_type=\"widget\" data-e-type=\"widget\" data-widget_type=\"heading.default\">\n\t\t\t\t<div class=\"elementor-widget-container\">\n\t\t\t\t\t<h2 class=\"elementor-heading-title elementor-size-large\">\u00bfC\u00f3mo accedo al descuento?<\/h2>\t\t\t\t<\/div>\n\t\t\t\t<\/div>\n\t\t\t\t\t<\/div>\n\t\t<\/div>\n\t\t\t\t\t<\/div>\n\t\t<\/section>\n\t\t\t\t<section class=\"elementor-section elementor-top-section elementor-element elementor-element-48c97bc elementor-section-boxed elementor-section-height-default elementor-section-height-default\" data-id=\"48c97bc\" data-element_type=\"section\" data-e-type=\"section\">\n\t\t\t\t\t\t<div class=\"elementor-container elementor-column-gap-default\">\n\t\t\t\t\t<div class=\"elementor-column elementor-col-50 elementor-top-column elementor-element elementor-element-3722fb1\" data-id=\"3722fb1\" data-element_type=\"column\" data-e-type=\"column\">\n\t\t\t<div class=\"elementor-widget-wrap elementor-element-populated\">\n\t\t\t\t\t\t<div class=\"elementor-element elementor-element-dce2c98 elementor-widget elementor-widget-text-editor\" data-id=\"dce2c98\" data-element_type=\"widget\" data-e-type=\"widget\" data-widget_type=\"text-editor.default\">\n\t\t\t\t<div class=\"elementor-widget-container\">\n\t\t\t\t\t\t\t\t\t<p style=\"text-align: justify;\"><span style=\"color: #808080;\">Se debe presentar un certificado de afiliaci\u00f3n a la Asociaci\u00f3n junto con los dem\u00e1s documentos que la Universidad requiera para el tramite de matr\u00edcula.<br \/><\/span><\/p><p style=\"text-align: justify;\">El certificado puedes solicitarlo v\u00eda correo electr\u00f3nico a <a href=\"mailto:info@asocge.com\" target=\"_blank\" rel=\"noopener\">info@asocge.com<\/a> o si prefieres a nuestro WhatsApp 09 84606524.<\/p>\t\t\t\t\t\t\t\t<\/div>\n\t\t\t\t<\/div>\n\t\t\t\t<div class=\"elementor-element elementor-element-568c7f2 elementor-widget elementor-widget-heading\" data-id=\"568c7f2\" data-element_type=\"widget\" data-e-type=\"widget\" data-widget_type=\"heading.default\">\n\t\t\t\t<div class=\"elementor-widget-container\">\n\t\t\t\t\t<h2 class=\"elementor-heading-title elementor-size-medium\">M\u00e1s informaci\u00f3n:<\/h2>\t\t\t\t<\/div>\n\t\t\t\t<\/div>\n\t\t\t\t<div class=\"elementor-element elementor-element-30d8b19 elementor-widget elementor-widget-text-editor\" data-id=\"30d8b19\" data-element_type=\"widget\" data-e-type=\"widget\" data-widget_type=\"text-editor.default\">\n\t\t\t\t<div class=\"elementor-widget-container\">\n\t\t\t\t\t\t\t\t\t<h5><span style=\"color: #808080;\">Referente a Centros de Estudios y estructura acad\u00e9mica en: <\/span><\/h5><h5><span style=\"color: #3366ff;\"><a style=\"color: #3366ff;\" href=\"https:\/\/www.utpl.edu.ec\/\" target=\"_blank\" rel=\"noopener\">https:\/\/www.utpl.edu.ec\/<\/a><\/span><\/h5><h5><strong><span style=\"color: #808080;\">Emcuentra el Centro m\u00e1s cercano a tu ubicaci\u00f3n :<\/span><\/strong><\/h5><h5><span style=\"color: #808080;\"><strong><a style=\"color: #808080;\" href=\"https:\/\/www.utpl.edu.ec\/centros_utpl\/\" target=\"_blank\" rel=\"noopener\"><span style=\"color: #3366ff;\">https:\/\/www.utpl.edu.ec\/centros_utpl\/<\/span><\/a><\/strong><\/span><\/h5><h5><strong><span style=\"color: #808080;\">L\u00ednea gratuita de informaci\u00f3n acad\u00e9mica:<\/span><\/strong><\/h5><h5><span style=\"color: #808080;\">1800 \u2013 887588<\/span><\/h5>\t\t\t\t\t\t\t\t<\/div>\n\t\t\t\t<\/div>\n\t\t\t\t\t<\/div>\n\t\t<\/div>\n\t\t\t\t<div class=\"elementor-column elementor-col-50 elementor-top-column elementor-element elementor-element-263d628\" data-id=\"263d628\" data-element_type=\"column\" data-e-type=\"column\">\n\t\t\t<div class=\"elementor-widget-wrap elementor-element-populated\">\n\t\t\t\t\t\t<div class=\"elementor-element elementor-element-92b9efe elementor-widget elementor-widget-image\" data-id=\"92b9efe\" data-element_type=\"widget\" data-e-type=\"widget\" data-widget_type=\"image.default\">\n\t\t\t\t<div class=\"elementor-widget-container\">\n\t\t\t\t\t\t\t\t\t\t\t\t\t\t\t\t<a href=\"https:\/\/www.asociacioncge.com\/wp-content\/uploads\/2025\/08\/UTPL-post-NUEVO-LOGO.png\" data-elementor-open-lightbox=\"yes\" data-elementor-lightbox-title=\"UTPL post NUEVO LOGO\" data-e-action-hash=\"#elementor-action%3Aaction%3Dlightbox%26settings%3DeyJpZCI6NzAyNjUsInVybCI6Imh0dHBzOlwvXC93d3cuYXNvY2lhY2lvbmNnZS5jb21cL3dwLWNvbnRlbnRcL3VwbG9hZHNcLzIwMjVcLzA4XC9VVFBMLXBvc3QtTlVFVk8tTE9HTy5wbmcifQ%3D%3D\">\n\t\t\t\t\t\t\t<img fetchpriority=\"high\" decoding=\"async\" width=\"622\" height=\"1024\" src=\"https:\/\/www.asociacioncge.com\/wp-content\/uploads\/2025\/08\/UTPL-post-NUEVO-LOGO-622x1024.png\" class=\"attachment-large size-large wp-image-70265\" alt=\"\" srcset=\"https:\/\/www.asociacioncge.com\/wp-content\/uploads\/2025\/08\/UTPL-post-NUEVO-LOGO-622x1024.png 622w, https:\/\/www.asociacioncge.com\/wp-content\/uploads\/2025\/08\/UTPL-post-NUEVO-LOGO-182x300.png 182w, https:\/\/www.asociacioncge.com\/wp-content\/uploads\/2025\/08\/UTPL-post-NUEVO-LOGO-768x1264.png 768w, https:\/\/www.asociacioncge.com\/wp-content\/uploads\/2025\/08\/UTPL-post-NUEVO-LOGO-600x987.png 600w, https:\/\/www.asociacioncge.com\/wp-content\/uploads\/2025\/08\/UTPL-post-NUEVO-LOGO.png 799w\" sizes=\"(max-width: 622px) 100vw, 622px\" \/>\t\t\t\t\t\t\t\t<\/a>\n\t\t\t\t\t\t\t\t\t\t\t\t\t\t\t<\/div>\n\t\t\t\t<\/div>\n\t\t\t\t\t<\/div>\n\t\t<\/div>\n\t\t\t\t\t<\/div>\n\t\t<\/section>\n\t\t\t\t<\/div>\n\t\t","protected":false},"excerpt":{"rendered":"<p>La Universidad T\u00e9cnica Particular de Loja es una instituci\u00f3n cat\u00f3lica de educaci\u00f3n superior de caracter bimodal, de conformidad con el art\u00edculo 1 de su Estatuto Org\u00e1nico, creado el 3 de mayo de 1971 mediante Decreto 646 publicado en el Registro Oficial No. 2017 del 5 de mayo de 1971, con domicilio en la ciudad de [&hellip;]<\/p>\n","protected":false},"author":1,"featured_media":0,"parent":0,"menu_order":0,"comment_status":"closed","ping_status":"closed","template":"","meta":{"_monsterinsights_skip_tracking":false,"_monsterinsights_sitenote_active":false,"_monsterinsights_sitenote_note":"","_monsterinsights_sitenote_category":0,"ngg_post_thumbnail":0,"footnotes":""},"tags":[],"class_list":["post-246","page","type-page","status-publish","hentry"],"aioseo_notices":[],"_links":{"self":[{"href":"https:\/\/www.asociacioncge.com\/index.php?rest_route=\/wp\/v2\/pages\/246","targetHints":{"allow":["GET"]}}],"collection":[{"href":"https:\/\/www.asociacioncge.com\/index.php?rest_route=\/wp\/v2\/pages"}],"about":[{"href":"https:\/\/www.asociacioncge.com\/index.php?rest_route=\/wp\/v2\/types\/page"}],"author":[{"embeddable":true,"href":"https:\/\/www.asociacioncge.com\/index.php?rest_route=\/wp\/v2\/users\/1"}],"replies":[{"embeddable":true,"href":"https:\/\/www.asociacioncge.com\/index.php?rest_route=%2Fwp%2Fv2%2Fcomments&post=246"}],"version-history":[{"count":63,"href":"https:\/\/www.asociacioncge.com\/index.php?rest_route=\/wp\/v2\/pages\/246\/revisions"}],"predecessor-version":[{"id":70272,"href":"https:\/\/www.asociacioncge.com\/index.php?rest_route=\/wp\/v2\/pages\/246\/revisions\/70272"}],"wp:attachment":[{"href":"https:\/\/www.asociacioncge.com\/index.php?rest_route=%2Fwp%2Fv2%2Fmedia&parent=246"}],"wp:term":[{"taxonomy":"post_tag","embeddable":true,"href":"https:\/\/www.asociacioncge.com\/index.php?rest_route=%2Fwp%2Fv2%2Ftags&post=246"}],"curies":[{"name":"wp","href":"https:\/\/api.w.org\/{rel}","templated":true}]}}